{"id":14710,"date":"2020-11-12T11:22:31","date_gmt":"2020-11-12T11:22:31","guid":{"rendered":"https:\/\/www.thelittlevoyager.com\/?page_id=14710"},"modified":"2024-09-26T09:51:41","modified_gmt":"2024-09-26T09:51:41","slug":"das-ibizan-countryside-escape","status":"publish","type":"page","link":"https:\/\/www.thelittlevoyager.com\/de\/momcations\/das-ibizan-countryside-escape\/","title":{"rendered":"Das Ibizan Countryside Escape"},"content":{"rendered":"<div class=\"wpb-content-wrapper\"><p>[vc_row css=&#8220;.vc_custom_1718984050561{margin-top: 30px !important;padding-right: 30px !important;padding-left: 30px !important;background-color: #f802af !important;}&#8220;][vc_column][vc_column_text css=&#8220;&#8220; el_class=&#8220;heading&#8220;]<\/p>\n<h1>Momcations: <strong>Das Ibizan Countryside Escape<\/strong><\/h1>\n<p>[\/vc_column_text][\/vc_column][\/vc_row][vc_row css=&#8220;.vc_custom_1718984083245{padding-right: 30px !important;padding-bottom: 48px !important;padding-left: 30px !important;background-color: #ffffff !important;}&#8220;][vc_column][vc_row_inner][vc_column_inner width=&#8220;1\/2&#8243;][vc_single_image image=&#8220;18241&#8243; img_size=&#8220;full&#8220; css=&#8220;&#8220;][\/vc_column_inner][vc_column_inner width=&#8220;1\/2&#8243;][vc_custom_heading text=&#8220;Jede Mutter hat sich eine \u201cAuszeit\u201d von ihren t\u00e4glichen, anspruchsvollen Herausforderungen verdient&#8220; font_container=&#8220;tag:p|font_size:18px|text_align:center|color:%2339597c&#8220; use_theme_fonts=&#8220;yes&#8220; css=&#8220;&#8220; el_class=&#8220;literata&#8220;][vc_column_text css=&#8220;&#8220;]Sich eine Pause zu nehmen, wenn auch nur f\u00fcr ein paar Tage, ist ein wichtiger Schritt in Richtung Selbstf\u00fcrsorge, der\u00a0unser Wohlbefinden f\u00f6rdert und uns zu besseren M\u00fcttern und Partnern macht.<\/p>\n<p>Wir bieten M\u00fcttern eine\u00a0Auszeit aus dem Mutterdasein, eine Zeit au\u00dferhalb der Familie,\u00a0um sich zu entspannen und die Batterien wieder aufzuladen.<\/p>\n<p>Dieses kann ein sch\u00f6nes\u00a0Selbstgeschenk\u00a0oder ein\u00a0besonderes Geschenk von einem Freund oder dem Partner\u00a0sein.[\/vc_column_text][\/vc_column_inner][\/vc_row_inner][vc_row_inner][vc_column_inner][vc_column_text css=&#8220;&#8220;]<\/p>\n<p style=\"text-align: center;\">Wie w\u00fcrde es Dir gefallen, in einem\u00a0sch\u00f6n eingerichteten, familiengef\u00fchrten Hotel\u00a0im Herzen des malerischen Innenlandes Ibizas zu \u00fcbernachten?<\/p>\n<p>[\/vc_column_text][\/vc_column_inner][\/vc_row_inner][\/vc_column][\/vc_row][vc_row css=&#8220;.vc_custom_1715951955795{padding-top: 80px !important;padding-right: 30px !important;padding-bottom: 80px !important;padding-left: 30px !important;background-image: url(https:\/\/www.thelittlevoyager.com\/wp-content\/uploads\/2024\/05\/sup-cristal-waters.jpeg?id=19027) !important;background-position: center !important;background-repeat: no-repeat !important;background-size: cover !important;}&#8220;][vc_column][vc_custom_heading text=&#8220;Dieses Hotel verf\u00fcgt \u00fcber 15 Doppelzimmer &amp; Suiten, einen sch\u00f6nen Pool, Spa &amp; Yoga-Bereich und ein Restaurant mit Bar. Es ist der ideale Ort f\u00fcr eine entspannte Momcation \u2013 entweder allein oder mit Freunden. Etwa 30 Minuten Fahrt vom Flughafen Ibiza entfernt, liegt das Hotel in einer sehr ruhigen und abgelegenen Gegend in der N\u00e4he des Dorfes Santa Agnes. Kleine Ortschaften und sch\u00f6ne Str\u00e4nde sind nur eine kurze Autofahrt entfernt.&#8220; font_container=&#8220;tag:p|font_size:18px|text_align:center|color:%23ffffff&#8220; use_theme_fonts=&#8220;yes&#8220; css=&#8220;&#8220; el_class=&#8220;literata&#8220;][\/vc_column][\/vc_row][vc_row css=&#8220;.vc_custom_1718984440188{padding-top: 48px !important;padding-right: 30px !important;padding-bottom: 48px !important;padding-left: 30px !important;background-color: #ffffff !important;}&#8220;][vc_column][vc_row_inner][vc_column_inner width=&#8220;1\/2&#8243;][vc_images_carousel images=&#8220;16370,16372,16374,16376&#8243; img_size=&#8220;full&#8220; autoplay=&#8220;yes&#8220; wrap=&#8220;yes&#8220; css=&#8220;&#8220;][\/vc_column_inner][vc_column_inner width=&#8220;1\/2&#8243;][vc_custom_heading text=&#8220;2 \u00dcbernachtungen in einem Superior Doppelzimmer Superior, inklusive:&#8220; font_container=&#8220;tag:p|font_size:18px|text_align:left&#8220; use_theme_fonts=&#8220;yes&#8220; css=&#8220;&#8220; el_class=&#8220;literata&#8220;][vc_column_text css=&#8220;&#8220;]<\/p>\n<ul>\n<li>Begr\u00fc\u00dfungsgetr\u00e4nk bei Ankunft<\/li>\n<li>Fr\u00fchst\u00fcck mit ibizenkischen Spezialit\u00e4ten<\/li>\n<li>Panorama-Sauna-Rundgang, gefolgt von einer 60-min\u00fctigen Massage mit \u00e4therischen \u00d6len, um die Sinne zu wecken<\/li>\n<li>Nutzung der Fahrr\u00e4der<\/li>\n<li>Ein Abendessen (ohne Getr\u00e4nke)<\/li>\n<li>10% Rabatt in ihrem \u00f6rtlichen Gesch\u00e4ft<\/li>\n<\/ul>\n<p>Preise ab:\u00a0570 Euro pro Paket und Person\u00a0(in der Nebensaison)<\/p>\n<p>Ihr m\u00fcsst nur Euren Flug buchen und wir k\u00fcmmern uns um den Rest.[\/vc_column_text][vc_btn title=&#8220;Jetzt Buchen&#8220; style=&#8220;custom&#8220; custom_background=&#8220;#f802af&#8220; custom_text=&#8220;#ffffff&#8220; shape=&#8220;square&#8220; align=&#8220;left&#8220; css=&#8220;&#8220; el_class=&#8220;pink&#8220; link=&#8220;url:https%3A%2F%2Fwww.thelittlevoyager.com%2Fde%2Fmomcations%2Fanfragen-momcations%2F&#8220;][\/vc_column_inner][\/vc_row_inner][\/vc_column][\/vc_row]<\/p>\n<\/div>","protected":false},"excerpt":{"rendered":"<p>[vc_row css=&#8220;.vc_custom_1718984050561{margin-top: 30px !important;padding-right: 30px !important;padding-left: 30px !important;background-color: #f802af !important;}&#8220;][vc_column][vc_column_text css=&#8220;&#8220; el_class=&#8220;heading&#8220;] Momcations: Das Ibizan Countryside Escape [\/vc_column_text][\/vc_column][\/vc_row][vc_row css=&#8220;.vc_custom_1718984083245{padding-right: 30px !important;padding-bottom: 48px !important;padding-left: 30px !important;background-color: #ffffff !important;}&#8220;][vc_column][vc_row_inner][vc_column_inner width=&#8220;1\/2&#8243;][vc_single_image image=&#8220;18241&#8243; img_size=&#8220;full&#8220; css=&#8220;&#8220;][\/vc_column_inner][vc_column_inner width=&#8220;1\/2&#8243;][vc_custom_heading text=&#8220;Jede Mutter hat sich eine \u201cAuszeit\u201d von ihren t\u00e4glichen, anspruchsvollen Herausforderungen verdient&#8220; font_container=&#8220;tag:p|font_size:18px|text_align:center|color:%2339597c&#8220; use_theme_fonts=&#8220;yes&#8220; css=&#8220;&#8220; el_class=&#8220;literata&#8220;][vc_column_text css=&#8220;&#8220;]Sich eine Pause zu nehmen, wenn auch [&hellip;]<\/p>\n","protected":false},"author":10,"featured_media":14817,"parent":15115,"menu_order":1,"comment_status":"closed","ping_status":"closed","template":"page-blank.php","meta":{"_lmt_disableupdate":"no","_lmt_disable":"","footnotes":""},"class_list":["post-14710","page","type-page","status-publish","has-post-thumbnail","hentry"],"yoast_head":"<!-- This site is optimized with the Yoast SEO plugin v27.4 - https:\/\/yoast.com\/product\/yoast-seo-wordpress\/ -->\n<title>The Ibizan Countryside Escape | The Little Voyager<\/title>\n<meta name=\"description\" content=\"The Ibizan Countryside Escape, a Momcation from The Little Voyager, a great escape for Mums, discover Ibiza at its best.\" \/>\n<meta name=\"robots\" content=\"index, follow, max-snippet:-1, max-image-preview:large, max-video-preview:-1\" \/>\n<link rel=\"canonical\" href=\"https:\/\/www.thelittlevoyager.com\/de\/momcations\/das-ibizan-countryside-escape\/\" \/>\n<meta property=\"og:locale\" content=\"de_DE\" \/>\n<meta property=\"og:type\" content=\"article\" \/>\n<meta property=\"og:title\" content=\"The Ibizan Countryside Escape | The Little Voyager\" \/>\n<meta property=\"og:description\" content=\"The Ibizan Countryside Escape, a Momcation from The Little Voyager, a great escape for Mums, discover Ibiza at its best for the perfect holiday in Ibiza\" \/>\n<meta property=\"og:url\" content=\"https:\/\/www.thelittlevoyager.com\/de\/momcations\/das-ibizan-countryside-escape\/\" \/>\n<meta property=\"og:site_name\" content=\"The Little Voyager\" \/>\n<meta property=\"article:publisher\" content=\"https:\/\/www.facebook.com\/TheLittleVoyager1\" \/>\n<meta property=\"article:modified_time\" content=\"2024-09-26T09:51:41+00:00\" \/>\n<meta property=\"og:image\" content=\"https:\/\/www.thelittlevoyager.com\/wp-content\/uploads\/2021\/07\/yoga-pavillion.jpeg\" \/>\n\t<meta property=\"og:image:width\" content=\"850\" \/>\n\t<meta property=\"og:image:height\" content=\"530\" \/>\n\t<meta property=\"og:image:type\" content=\"image\/jpeg\" \/>\n<meta name=\"twitter:card\" content=\"summary_large_image\" \/>\n<meta name=\"twitter:title\" content=\"The Ibizan Countryside Escape | The Little Voyager\" \/>\n<meta name=\"twitter:description\" content=\"The Ibizan Countryside Escape, a Momcation from The Little Voyager, a great escape for Mums, discover Ibiza at its best for the perfect holiday in Ibiza\" \/>\n<meta name=\"twitter:image\" content=\"https:\/\/www.thelittlevoyager.com\/wp-content\/uploads\/2021\/07\/yoga-pavillion-1.jpeg\" \/>\n<meta name=\"twitter:site\" content=\"@escapeswithkids\" \/>\n<meta name=\"twitter:label1\" content=\"Gesch\u00e4tzte Lesezeit\" \/>\n\t<meta name=\"twitter:data1\" content=\"2\u00a0Minuten\" \/>\n<script type=\"application\/ld+json\" class=\"yoast-schema-graph\">{\"@context\":\"https:\\\/\\\/schema.org\",\"@graph\":[{\"@type\":\"WebPage\",\"@id\":\"https:\\\/\\\/www.thelittlevoyager.com\\\/de\\\/momcations\\\/das-ibizan-countryside-escape\\\/\",\"url\":\"https:\\\/\\\/www.thelittlevoyager.com\\\/de\\\/momcations\\\/das-ibizan-countryside-escape\\\/\",\"name\":\"The Ibizan Countryside Escape | The Little Voyager\",\"isPartOf\":{\"@id\":\"https:\\\/\\\/www.thelittlevoyager.com\\\/de\\\/#website\"},\"primaryImageOfPage\":{\"@id\":\"https:\\\/\\\/www.thelittlevoyager.com\\\/de\\\/momcations\\\/das-ibizan-countryside-escape\\\/#primaryimage\"},\"image\":{\"@id\":\"https:\\\/\\\/www.thelittlevoyager.com\\\/de\\\/momcations\\\/das-ibizan-countryside-escape\\\/#primaryimage\"},\"thumbnailUrl\":\"https:\\\/\\\/www.thelittlevoyager.com\\\/wp-content\\\/uploads\\\/2017\\\/07\\\/IMG-9079.jpg\",\"datePublished\":\"2020-11-12T11:22:31+00:00\",\"dateModified\":\"2024-09-26T09:51:41+00:00\",\"description\":\"The Ibizan Countryside Escape, a Momcation from The Little Voyager, a great escape for Mums, discover Ibiza at its best.\",\"breadcrumb\":{\"@id\":\"https:\\\/\\\/www.thelittlevoyager.com\\\/de\\\/momcations\\\/das-ibizan-countryside-escape\\\/#breadcrumb\"},\"inLanguage\":\"de\",\"potentialAction\":[{\"@type\":\"ReadAction\",\"target\":[\"https:\\\/\\\/www.thelittlevoyager.com\\\/de\\\/momcations\\\/das-ibizan-countryside-escape\\\/\"]}]},{\"@type\":\"ImageObject\",\"inLanguage\":\"de\",\"@id\":\"https:\\\/\\\/www.thelittlevoyager.com\\\/de\\\/momcations\\\/das-ibizan-countryside-escape\\\/#primaryimage\",\"url\":\"https:\\\/\\\/www.thelittlevoyager.com\\\/wp-content\\\/uploads\\\/2017\\\/07\\\/IMG-9079.jpg\",\"contentUrl\":\"https:\\\/\\\/www.thelittlevoyager.com\\\/wp-content\\\/uploads\\\/2017\\\/07\\\/IMG-9079.jpg\",\"width\":1210,\"height\":907,\"caption\":\"Momcation feature image\"},{\"@type\":\"BreadcrumbList\",\"@id\":\"https:\\\/\\\/www.thelittlevoyager.com\\\/de\\\/momcations\\\/das-ibizan-countryside-escape\\\/#breadcrumb\",\"itemListElement\":[{\"@type\":\"ListItem\",\"position\":1,\"name\":\"Home\",\"item\":\"https:\\\/\\\/www.thelittlevoyager.com\\\/de\\\/\"},{\"@type\":\"ListItem\",\"position\":2,\"name\":\"Momcations\",\"item\":\"https:\\\/\\\/www.thelittlevoyager.com\\\/de\\\/momcations\\\/\"},{\"@type\":\"ListItem\",\"position\":3,\"name\":\"Das Ibizan Countryside Escape\"}]},{\"@type\":\"WebSite\",\"@id\":\"https:\\\/\\\/www.thelittlevoyager.com\\\/de\\\/#website\",\"url\":\"https:\\\/\\\/www.thelittlevoyager.com\\\/de\\\/\",\"name\":\"The Little Voyager\",\"description\":\"Child-friendly rentals\",\"publisher\":{\"@id\":\"https:\\\/\\\/www.thelittlevoyager.com\\\/de\\\/#organization\"},\"potentialAction\":[{\"@type\":\"SearchAction\",\"target\":{\"@type\":\"EntryPoint\",\"urlTemplate\":\"https:\\\/\\\/www.thelittlevoyager.com\\\/de\\\/?s={search_term_string}\"},\"query-input\":{\"@type\":\"PropertyValueSpecification\",\"valueRequired\":true,\"valueName\":\"search_term_string\"}}],\"inLanguage\":\"de\"},{\"@type\":\"Organization\",\"@id\":\"https:\\\/\\\/www.thelittlevoyager.com\\\/de\\\/#organization\",\"name\":\"The Little Voyager\",\"url\":\"https:\\\/\\\/www.thelittlevoyager.com\\\/de\\\/\",\"logo\":{\"@type\":\"ImageObject\",\"inLanguage\":\"de\",\"@id\":\"https:\\\/\\\/www.thelittlevoyager.com\\\/de\\\/#\\\/schema\\\/logo\\\/image\\\/\",\"url\":\"https:\\\/\\\/www.thelittlevoyager.com\\\/wp-content\\\/uploads\\\/2017\\\/07\\\/thelittlevoyager-logo-darkblue.png\",\"contentUrl\":\"https:\\\/\\\/www.thelittlevoyager.com\\\/wp-content\\\/uploads\\\/2017\\\/07\\\/thelittlevoyager-logo-darkblue.png\",\"width\":400,\"height\":121,\"caption\":\"The Little Voyager\"},\"image\":{\"@id\":\"https:\\\/\\\/www.thelittlevoyager.com\\\/de\\\/#\\\/schema\\\/logo\\\/image\\\/\"},\"sameAs\":[\"https:\\\/\\\/www.facebook.com\\\/TheLittleVoyager1\",\"https:\\\/\\\/x.com\\\/escapeswithkids\",\"https:\\\/\\\/instagram.com\\\/the.little.voyager\"]}]}<\/script>\n<!-- \/ Yoast SEO plugin. -->","yoast_head_json":{"title":"The Ibizan Countryside Escape | The Little Voyager","description":"The Ibizan Countryside Escape, a Momcation from The Little Voyager, a great escape for Mums, discover Ibiza at its best.","robots":{"index":"index","follow":"follow","max-snippet":"max-snippet:-1","max-image-preview":"max-image-preview:large","max-video-preview":"max-video-preview:-1"},"canonical":"https:\/\/www.thelittlevoyager.com\/de\/momcations\/das-ibizan-countryside-escape\/","og_locale":"de_DE","og_type":"article","og_title":"The Ibizan Countryside Escape | The Little Voyager","og_description":"The Ibizan Countryside Escape, a Momcation from The Little Voyager, a great escape for Mums, discover Ibiza at its best for the perfect holiday in Ibiza","og_url":"https:\/\/www.thelittlevoyager.com\/de\/momcations\/das-ibizan-countryside-escape\/","og_site_name":"The Little Voyager","article_publisher":"https:\/\/www.facebook.com\/TheLittleVoyager1","article_modified_time":"2024-09-26T09:51:41+00:00","og_image":[{"width":850,"height":530,"url":"https:\/\/www.thelittlevoyager.com\/wp-content\/uploads\/2021\/07\/yoga-pavillion.jpeg","type":"image\/jpeg"}],"twitter_card":"summary_large_image","twitter_title":"The Ibizan Countryside Escape | The Little Voyager","twitter_description":"The Ibizan Countryside Escape, a Momcation from The Little Voyager, a great escape for Mums, discover Ibiza at its best for the perfect holiday in Ibiza","twitter_image":"https:\/\/www.thelittlevoyager.com\/wp-content\/uploads\/2021\/07\/yoga-pavillion-1.jpeg","twitter_site":"@escapeswithkids","twitter_misc":{"Gesch\u00e4tzte Lesezeit":"2\u00a0Minuten"},"schema":{"@context":"https:\/\/schema.org","@graph":[{"@type":"WebPage","@id":"https:\/\/www.thelittlevoyager.com\/de\/momcations\/das-ibizan-countryside-escape\/","url":"https:\/\/www.thelittlevoyager.com\/de\/momcations\/das-ibizan-countryside-escape\/","name":"The Ibizan Countryside Escape | The Little Voyager","isPartOf":{"@id":"https:\/\/www.thelittlevoyager.com\/de\/#website"},"primaryImageOfPage":{"@id":"https:\/\/www.thelittlevoyager.com\/de\/momcations\/das-ibizan-countryside-escape\/#primaryimage"},"image":{"@id":"https:\/\/www.thelittlevoyager.com\/de\/momcations\/das-ibizan-countryside-escape\/#primaryimage"},"thumbnailUrl":"https:\/\/www.thelittlevoyager.com\/wp-content\/uploads\/2017\/07\/IMG-9079.jpg","datePublished":"2020-11-12T11:22:31+00:00","dateModified":"2024-09-26T09:51:41+00:00","description":"The Ibizan Countryside Escape, a Momcation from The Little Voyager, a great escape for Mums, discover Ibiza at its best.","breadcrumb":{"@id":"https:\/\/www.thelittlevoyager.com\/de\/momcations\/das-ibizan-countryside-escape\/#breadcrumb"},"inLanguage":"de","potentialAction":[{"@type":"ReadAction","target":["https:\/\/www.thelittlevoyager.com\/de\/momcations\/das-ibizan-countryside-escape\/"]}]},{"@type":"ImageObject","inLanguage":"de","@id":"https:\/\/www.thelittlevoyager.com\/de\/momcations\/das-ibizan-countryside-escape\/#primaryimage","url":"https:\/\/www.thelittlevoyager.com\/wp-content\/uploads\/2017\/07\/IMG-9079.jpg","contentUrl":"https:\/\/www.thelittlevoyager.com\/wp-content\/uploads\/2017\/07\/IMG-9079.jpg","width":1210,"height":907,"caption":"Momcation feature image"},{"@type":"BreadcrumbList","@id":"https:\/\/www.thelittlevoyager.com\/de\/momcations\/das-ibizan-countryside-escape\/#breadcrumb","itemListElement":[{"@type":"ListItem","position":1,"name":"Home","item":"https:\/\/www.thelittlevoyager.com\/de\/"},{"@type":"ListItem","position":2,"name":"Momcations","item":"https:\/\/www.thelittlevoyager.com\/de\/momcations\/"},{"@type":"ListItem","position":3,"name":"Das Ibizan Countryside Escape"}]},{"@type":"WebSite","@id":"https:\/\/www.thelittlevoyager.com\/de\/#website","url":"https:\/\/www.thelittlevoyager.com\/de\/","name":"The Little Voyager","description":"Child-friendly rentals","publisher":{"@id":"https:\/\/www.thelittlevoyager.com\/de\/#organization"},"potentialAction":[{"@type":"SearchAction","target":{"@type":"EntryPoint","urlTemplate":"https:\/\/www.thelittlevoyager.com\/de\/?s={search_term_string}"},"query-input":{"@type":"PropertyValueSpecification","valueRequired":true,"valueName":"search_term_string"}}],"inLanguage":"de"},{"@type":"Organization","@id":"https:\/\/www.thelittlevoyager.com\/de\/#organization","name":"The Little Voyager","url":"https:\/\/www.thelittlevoyager.com\/de\/","logo":{"@type":"ImageObject","inLanguage":"de","@id":"https:\/\/www.thelittlevoyager.com\/de\/#\/schema\/logo\/image\/","url":"https:\/\/www.thelittlevoyager.com\/wp-content\/uploads\/2017\/07\/thelittlevoyager-logo-darkblue.png","contentUrl":"https:\/\/www.thelittlevoyager.com\/wp-content\/uploads\/2017\/07\/thelittlevoyager-logo-darkblue.png","width":400,"height":121,"caption":"The Little Voyager"},"image":{"@id":"https:\/\/www.thelittlevoyager.com\/de\/#\/schema\/logo\/image\/"},"sameAs":["https:\/\/www.facebook.com\/TheLittleVoyager1","https:\/\/x.com\/escapeswithkids","https:\/\/instagram.com\/the.little.voyager"]}]}},"_links":{"self":[{"href":"https:\/\/www.thelittlevoyager.com\/de\/wp-json\/wp\/v2\/pages\/14710","targetHints":{"allow":["GET"]}}],"collection":[{"href":"https:\/\/www.thelittlevoyager.com\/de\/wp-json\/wp\/v2\/pages"}],"about":[{"href":"https:\/\/www.thelittlevoyager.com\/de\/wp-json\/wp\/v2\/types\/page"}],"author":[{"embeddable":true,"href":"https:\/\/www.thelittlevoyager.com\/de\/wp-json\/wp\/v2\/users\/10"}],"replies":[{"embeddable":true,"href":"https:\/\/www.thelittlevoyager.com\/de\/wp-json\/wp\/v2\/comments?post=14710"}],"version-history":[{"count":10,"href":"https:\/\/www.thelittlevoyager.com\/de\/wp-json\/wp\/v2\/pages\/14710\/revisions"}],"predecessor-version":[{"id":20063,"href":"https:\/\/www.thelittlevoyager.com\/de\/wp-json\/wp\/v2\/pages\/14710\/revisions\/20063"}],"up":[{"embeddable":true,"href":"https:\/\/www.thelittlevoyager.com\/de\/wp-json\/wp\/v2\/pages\/15115"}],"wp:featuredmedia":[{"embeddable":true,"href":"https:\/\/www.thelittlevoyager.com\/de\/wp-json\/wp\/v2\/media\/14817"}],"wp:attachment":[{"href":"https:\/\/www.thelittlevoyager.com\/de\/wp-json\/wp\/v2\/media?parent=14710"}],"curies":[{"name":"wp","href":"https:\/\/api.w.org\/{rel}","templated":true}]}}