{"id":15115,"date":"2020-11-24T11:18:42","date_gmt":"2020-11-24T11:18:42","guid":{"rendered":"https:\/\/www.thelittlevoyager.com\/?page_id=15115"},"modified":"2024-08-20T14:48:51","modified_gmt":"2024-08-20T14:48:51","slug":"momcations","status":"publish","type":"page","link":"https:\/\/www.thelittlevoyager.com\/de\/momcations\/","title":{"rendered":"Momcations"},"content":{"rendered":"<div class=\"wpb-content-wrapper\"><p>[vc_row css=&#8220;.vc_custom_1718986615461{margin-top: 30px !important;padding-right: 30px !important;padding-left: 30px !important;background-color: #f802af !important;}&#8220;][vc_column][vc_column_text css=&#8220;&#8220; el_class=&#8220;heading&#8220;]<\/p>\n<h1><strong>Momcations<\/strong><\/h1>\n<p>[\/vc_column_text][\/vc_column][\/vc_row][vc_row css=&#8220;.vc_custom_1715784875937{padding-right: 30px !important;padding-left: 30px !important;background-color: #ffffff !important;}&#8220;][vc_column][vc_row_inner][vc_column_inner][vc_custom_heading text=&#8220;Jede Mutter hat sich eine \u201cAuszeit\u201d von ihren t\u00e4glichen, anspruchsvollen Herausforderungen verdient.&#8220; font_container=&#8220;tag:p|font_size:18px|text_align:center&#8220; use_theme_fonts=&#8220;yes&#8220; css=&#8220;.vc_custom_1724164132548{padding-top: 32px !important;padding-bottom: 32px !important;}&#8220; el_class=&#8220;literata&#8220;][vc_custom_heading text=&#8220;Was wir anbieten&#8220; use_theme_fonts=&#8220;yes&#8220; css=&#8220;&#8220;][\/vc_column_inner][\/vc_row_inner][vc_row_inner][vc_column_inner width=&#8220;3\/5&#8243;][vc_column_text css=&#8220;&#8220;]Sich eine Pause zu nehmen, wenn auch nur f\u00fcr ein paar Tage, ist ein wichtiger Schritt in Richtung Selbstf\u00fcrsorge, der\u00a0unser Wohlbefinden f\u00f6rdert und uns zu besseren M\u00fcttern und Partnern macht.<\/p>\n<p>Wir bieten M\u00fcttern eine\u00a0Auszeit aus dem Mutterdasein, eine Zeit au\u00dferhalb der Familie,\u00a0um sich zu entspannen und die Batterien wieder aufzuladen.<\/p>\n<p>Wir bieten verschiedene Pakete an, die auf den pers\u00f6nlichen Bedarf jeder einzelnen Person\u00a0zugeschnitten werden k\u00f6nnen. Momcation-Pakete sind ideal f\u00fcr Alleinreisende, zu zweit oder eine Gruppe von Freundinnen.<\/p>\n<p>Dieses kann ein sch\u00f6nes\u00a0Selbstgeschenk\u00a0oder ein\u00a0besonderes Geschenk von einem Freund oder dem Partner\u00a0sein.<\/p>\n<p>P.S. Vergessen wir nicht alle Papas da drau\u00dfen, die auch mal eine Auszeit brauchen! Alle Pakete, die wir anbieten, k\u00f6nnen auch f\u00fcr V\u00e4ter angepasst werden.[\/vc_column_text][\/vc_column_inner][vc_column_inner width=&#8220;2\/5&#8243;][vc_single_image image=&#8220;16365&#8243; img_size=&#8220;full&#8220; css=&#8220;&#8220;][\/vc_column_inner][\/vc_row_inner][\/vc_column][\/vc_row][vc_row css=&#8220;.vc_custom_1715784875937{padding-right: 30px !important;padding-left: 30px !important;background-color: #ffffff !important;}&#8220;][vc_column][vc_row_inner][vc_column_inner][vc_custom_heading text=&#8220;Sucht ein Reiseziel aus&#8220; use_theme_fonts=&#8220;yes&#8220; css=&#8220;&#8220;][\/vc_column_inner][\/vc_row_inner][vc_row_inner][vc_column_inner width=&#8220;1\/5&#8243;][vc_single_image image=&#8220;16374&#8243; alignment=&#8220;center&#8220; onclick=&#8220;custom_link&#8220; css=&#8220;&#8220; link=&#8220;https:\/\/www.thelittlevoyager.com\/momcations\/ibizan-countryside-escape\/&#8220;][vc_btn title=&#8220;Ibiza&#8220; style=&#8220;custom&#8220; custom_background=&#8220;#f802af&#8220; custom_text=&#8220;#ffffff&#8220; shape=&#8220;square&#8220; align=&#8220;center&#8220; css=&#8220;&#8220; el_class=&#8220;pink&#8220; link=&#8220;url:https%3A%2F%2Fwww.thelittlevoyager.com%2Fde%2Fmomcations%2Fdas-ibizan-countryside-escape%2F|title:Enquiries%20-%20contact%20us&#8220;][\/vc_column_inner][vc_column_inner width=&#8220;1\/5&#8243;][vc_single_image image=&#8220;16387&#8243; alignment=&#8220;center&#8220; onclick=&#8220;custom_link&#8220; css=&#8220;&#8220; link=&#8220;https:\/\/www.thelittlevoyager.com\/momcations\/the-austrian-nature-escape\/&#8220;][vc_btn title=&#8220;\u00d6sterreich&#8220; style=&#8220;custom&#8220; custom_background=&#8220;#f802af&#8220; custom_text=&#8220;#ffffff&#8220; shape=&#8220;square&#8220; align=&#8220;center&#8220; css=&#8220;&#8220; el_class=&#8220;pink&#8220; link=&#8220;url:https%3A%2F%2Fwww.thelittlevoyager.com%2Fde%2Fmomcations%2Fdas-austrian-nature-escape%2F|title:Enquiries%20-%20contact%20us&#8220;][\/vc_column_inner][vc_column_inner width=&#8220;1\/5&#8243;][vc_single_image image=&#8220;16396&#8243; alignment=&#8220;center&#8220; onclick=&#8220;custom_link&#8220; css=&#8220;&#8220; link=&#8220;https:\/\/www.thelittlevoyager.com\/momcations\/the-bavarian-luxury-escape\/&#8220;][vc_btn title=&#8220;Bayern&#8220; style=&#8220;custom&#8220; custom_background=&#8220;#f802af&#8220; custom_text=&#8220;#ffffff&#8220; shape=&#8220;square&#8220; align=&#8220;center&#8220; css=&#8220;&#8220; el_class=&#8220;pink&#8220; link=&#8220;url:https%3A%2F%2Fwww.thelittlevoyager.com%2Fde%2Fmomcations%2Fdas-bavarian-luxury-escape%2F|title:Enquiries%20-%20contact%20us&#8220;][\/vc_column_inner][vc_column_inner width=&#8220;1\/5&#8243;][vc_single_image image=&#8220;16560&#8243; alignment=&#8220;center&#8220; onclick=&#8220;custom_link&#8220; css=&#8220;&#8220; link=&#8220;https:\/\/www.thelittlevoyager.com\/momcations\/the-catalan-eco-retreat\/&#8220;][vc_btn title=&#8220;Katalonien&#8220; style=&#8220;custom&#8220; custom_background=&#8220;#f802af&#8220; custom_text=&#8220;#ffffff&#8220; shape=&#8220;square&#8220; align=&#8220;center&#8220; css=&#8220;&#8220; el_class=&#8220;pink&#8220; link=&#8220;url:https%3A%2F%2Fwww.thelittlevoyager.com%2Fde%2Fmomcations%2Fdas-catalan-eco-retreat%2F|title:Enquiries%20-%20contact%20us&#8220;][\/vc_column_inner][vc_column_inner width=&#8220;1\/5&#8243;][vc_single_image image=&#8220;19540&#8243; alignment=&#8220;center&#8220; onclick=&#8220;custom_link&#8220; css=&#8220;&#8220; link=&#8220;https:\/\/www.thelittlevoyager.com\/momcations\/the-catalan-eco-retreat\/&#8220;][vc_btn title=&#8220;Frankreich&#8220; style=&#8220;custom&#8220; custom_background=&#8220;#f802af&#8220; custom_text=&#8220;#ffffff&#8220; shape=&#8220;square&#8220; align=&#8220;center&#8220; css=&#8220;&#8220; el_class=&#8220;pink&#8220; link=&#8220;url:https%3A%2F%2Fwww.thelittlevoyager.com%2Fde%2Fmomcations%2Fdas-french-rural-retreat%2F|title:Enquiries%20-%20contact%20us&#8220;][\/vc_column_inner][\/vc_row_inner][\/vc_column][\/vc_row]<\/p>\n<\/div>","protected":false},"excerpt":{"rendered":"<p>[vc_row css=&#8220;.vc_custom_1718986615461{margin-top: 30px !important;padding-right: 30px !important;padding-left: 30px !important;background-color: #f802af !important;}&#8220;][vc_column][vc_column_text css=&#8220;&#8220; el_class=&#8220;heading&#8220;] Momcations [\/vc_column_text][\/vc_column][\/vc_row][vc_row css=&#8220;.vc_custom_1715784875937{padding-right: 30px !important;padding-left: 30px !important;background-color: #ffffff !important;}&#8220;][vc_column][vc_row_inner][vc_column_inner][vc_custom_heading text=&#8220;Jede Mutter hat sich eine \u201cAuszeit\u201d von ihren t\u00e4glichen, anspruchsvollen Herausforderungen verdient.&#8220; font_container=&#8220;tag:p|font_size:18px|text_align:center&#8220; use_theme_fonts=&#8220;yes&#8220; css=&#8220;.vc_custom_1724164132548{padding-top: 32px !important;padding-bottom: 32px !important;}&#8220; el_class=&#8220;literata&#8220;][vc_custom_heading text=&#8220;Was wir anbieten&#8220; use_theme_fonts=&#8220;yes&#8220; css=&#8220;&#8220;][\/vc_column_inner][\/vc_row_inner][vc_row_inner][vc_column_inner width=&#8220;3\/5&#8243;][vc_column_text css=&#8220;&#8220;]Sich eine Pause zu nehmen, wenn auch nur [&hellip;]<\/p>\n","protected":false},"author":1,"featured_media":0,"parent":0,"menu_order":4,"comment_status":"closed","ping_status":"closed","template":"page-blank.php","meta":{"_lmt_disableupdate":"no","_lmt_disable":"","footnotes":""},"class_list":["post-15115","page","type-page","status-publish","hentry"],"yoast_head":"<!-- This site is optimized with the Yoast SEO plugin v27.4 - https:\/\/yoast.com\/product\/yoast-seo-wordpress\/ -->\n<title>Momcations - Auszeiten f\u00fcr Mamas und Papas | The Little Voyager<\/title>\n<meta name=\"description\" content=\"Momcations von The Little Voyager, genie\u00dft eine Auszeit f\u00fcr M\u00fctter oder V\u00e4ter, egal ob es sich um eine kurze oder lange Auszeit handelt\" \/>\n<meta name=\"robots\" content=\"index, follow, max-snippet:-1, max-image-preview:large, max-video-preview:-1\" \/>\n<link rel=\"canonical\" href=\"https:\/\/www.thelittlevoyager.com\/de\/momcations\/\" \/>\n<meta property=\"og:locale\" content=\"de_DE\" \/>\n<meta property=\"og:type\" content=\"article\" \/>\n<meta property=\"og:title\" content=\"Momcations - Holidays for Mums | The Little Voyager\" \/>\n<meta property=\"og:description\" content=\"Momcations from The Little Voyager, enjoy the perfect holiday break for mums, whether it is for a short or long escape with friends or loved ones\" \/>\n<meta property=\"og:url\" content=\"https:\/\/www.thelittlevoyager.com\/de\/momcations\/\" \/>\n<meta property=\"og:site_name\" content=\"The Little Voyager\" \/>\n<meta property=\"article:publisher\" content=\"https:\/\/www.facebook.com\/TheLittleVoyager1\" \/>\n<meta property=\"article:modified_time\" content=\"2024-08-20T14:48:51+00:00\" \/>\n<meta property=\"og:image\" content=\"https:\/\/www.thelittlevoyager.com\/wp-content\/uploads\/2021\/07\/Momcation.jpeg\" \/>\n\t<meta property=\"og:image:width\" content=\"707\" \/>\n\t<meta property=\"og:image:height\" content=\"530\" \/>\n\t<meta property=\"og:image:type\" content=\"image\/jpeg\" \/>\n<meta name=\"twitter:card\" content=\"summary_large_image\" \/>\n<meta name=\"twitter:title\" content=\"Momcations - Holidays for Mums | The Little Voyager\" \/>\n<meta name=\"twitter:description\" content=\"Momcations from The Little Voyager, enjoy the perfect holiday break for mums, whether it is for a short or long escape with friends or loved ones\" \/>\n<meta name=\"twitter:image\" content=\"https:\/\/www.thelittlevoyager.com\/wp-content\/uploads\/2021\/07\/Momcation-1.jpeg\" \/>\n<meta name=\"twitter:site\" content=\"@escapeswithkids\" \/>\n<meta name=\"twitter:label1\" content=\"Gesch\u00e4tzte Lesezeit\" \/>\n\t<meta name=\"twitter:data1\" content=\"3\u00a0Minuten\" \/>\n<script type=\"application\/ld+json\" class=\"yoast-schema-graph\">{\"@context\":\"https:\\\/\\\/schema.org\",\"@graph\":[{\"@type\":\"WebPage\",\"@id\":\"https:\\\/\\\/www.thelittlevoyager.com\\\/de\\\/momcations\\\/\",\"url\":\"https:\\\/\\\/www.thelittlevoyager.com\\\/de\\\/momcations\\\/\",\"name\":\"Momcations - Auszeiten f\u00fcr Mamas und Papas | The Little Voyager\",\"isPartOf\":{\"@id\":\"https:\\\/\\\/www.thelittlevoyager.com\\\/de\\\/#website\"},\"datePublished\":\"2020-11-24T11:18:42+00:00\",\"dateModified\":\"2024-08-20T14:48:51+00:00\",\"description\":\"Momcations von The Little Voyager, genie\u00dft eine Auszeit f\u00fcr M\u00fctter oder V\u00e4ter, egal ob es sich um eine kurze oder lange Auszeit handelt\",\"breadcrumb\":{\"@id\":\"https:\\\/\\\/www.thelittlevoyager.com\\\/de\\\/momcations\\\/#breadcrumb\"},\"inLanguage\":\"de\",\"potentialAction\":[{\"@type\":\"ReadAction\",\"target\":[\"https:\\\/\\\/www.thelittlevoyager.com\\\/de\\\/momcations\\\/\"]}]},{\"@type\":\"BreadcrumbList\",\"@id\":\"https:\\\/\\\/www.thelittlevoyager.com\\\/de\\\/momcations\\\/#breadcrumb\",\"itemListElement\":[{\"@type\":\"ListItem\",\"position\":1,\"name\":\"Home\",\"item\":\"https:\\\/\\\/www.thelittlevoyager.com\\\/de\\\/\"},{\"@type\":\"ListItem\",\"position\":2,\"name\":\"Momcations\"}]},{\"@type\":\"WebSite\",\"@id\":\"https:\\\/\\\/www.thelittlevoyager.com\\\/de\\\/#website\",\"url\":\"https:\\\/\\\/www.thelittlevoyager.com\\\/de\\\/\",\"name\":\"The Little Voyager\",\"description\":\"Child-friendly rentals\",\"publisher\":{\"@id\":\"https:\\\/\\\/www.thelittlevoyager.com\\\/de\\\/#organization\"},\"potentialAction\":[{\"@type\":\"SearchAction\",\"target\":{\"@type\":\"EntryPoint\",\"urlTemplate\":\"https:\\\/\\\/www.thelittlevoyager.com\\\/de\\\/?s={search_term_string}\"},\"query-input\":{\"@type\":\"PropertyValueSpecification\",\"valueRequired\":true,\"valueName\":\"search_term_string\"}}],\"inLanguage\":\"de\"},{\"@type\":\"Organization\",\"@id\":\"https:\\\/\\\/www.thelittlevoyager.com\\\/de\\\/#organization\",\"name\":\"The Little Voyager\",\"url\":\"https:\\\/\\\/www.thelittlevoyager.com\\\/de\\\/\",\"logo\":{\"@type\":\"ImageObject\",\"inLanguage\":\"de\",\"@id\":\"https:\\\/\\\/www.thelittlevoyager.com\\\/de\\\/#\\\/schema\\\/logo\\\/image\\\/\",\"url\":\"https:\\\/\\\/www.thelittlevoyager.com\\\/wp-content\\\/uploads\\\/2017\\\/07\\\/thelittlevoyager-logo-darkblue.png\",\"contentUrl\":\"https:\\\/\\\/www.thelittlevoyager.com\\\/wp-content\\\/uploads\\\/2017\\\/07\\\/thelittlevoyager-logo-darkblue.png\",\"width\":400,\"height\":121,\"caption\":\"The Little Voyager\"},\"image\":{\"@id\":\"https:\\\/\\\/www.thelittlevoyager.com\\\/de\\\/#\\\/schema\\\/logo\\\/image\\\/\"},\"sameAs\":[\"https:\\\/\\\/www.facebook.com\\\/TheLittleVoyager1\",\"https:\\\/\\\/x.com\\\/escapeswithkids\",\"https:\\\/\\\/instagram.com\\\/the.little.voyager\"]}]}<\/script>\n<!-- \/ Yoast SEO plugin. -->","yoast_head_json":{"title":"Momcations - Auszeiten f\u00fcr Mamas und Papas | The Little Voyager","description":"Momcations von The Little Voyager, genie\u00dft eine Auszeit f\u00fcr M\u00fctter oder V\u00e4ter, egal ob es sich um eine kurze oder lange Auszeit handelt","robots":{"index":"index","follow":"follow","max-snippet":"max-snippet:-1","max-image-preview":"max-image-preview:large","max-video-preview":"max-video-preview:-1"},"canonical":"https:\/\/www.thelittlevoyager.com\/de\/momcations\/","og_locale":"de_DE","og_type":"article","og_title":"Momcations - Holidays for Mums | The Little Voyager","og_description":"Momcations from The Little Voyager, enjoy the perfect holiday break for mums, whether it is for a short or long escape with friends or loved ones","og_url":"https:\/\/www.thelittlevoyager.com\/de\/momcations\/","og_site_name":"The Little Voyager","article_publisher":"https:\/\/www.facebook.com\/TheLittleVoyager1","article_modified_time":"2024-08-20T14:48:51+00:00","og_image":[{"width":707,"height":530,"url":"https:\/\/www.thelittlevoyager.com\/wp-content\/uploads\/2021\/07\/Momcation.jpeg","type":"image\/jpeg"}],"twitter_card":"summary_large_image","twitter_title":"Momcations - Holidays for Mums | The Little Voyager","twitter_description":"Momcations from The Little Voyager, enjoy the perfect holiday break for mums, whether it is for a short or long escape with friends or loved ones","twitter_image":"https:\/\/www.thelittlevoyager.com\/wp-content\/uploads\/2021\/07\/Momcation-1.jpeg","twitter_site":"@escapeswithkids","twitter_misc":{"Gesch\u00e4tzte Lesezeit":"3\u00a0Minuten"},"schema":{"@context":"https:\/\/schema.org","@graph":[{"@type":"WebPage","@id":"https:\/\/www.thelittlevoyager.com\/de\/momcations\/","url":"https:\/\/www.thelittlevoyager.com\/de\/momcations\/","name":"Momcations - Auszeiten f\u00fcr Mamas und Papas | The Little Voyager","isPartOf":{"@id":"https:\/\/www.thelittlevoyager.com\/de\/#website"},"datePublished":"2020-11-24T11:18:42+00:00","dateModified":"2024-08-20T14:48:51+00:00","description":"Momcations von The Little Voyager, genie\u00dft eine Auszeit f\u00fcr M\u00fctter oder V\u00e4ter, egal ob es sich um eine kurze oder lange Auszeit handelt","breadcrumb":{"@id":"https:\/\/www.thelittlevoyager.com\/de\/momcations\/#breadcrumb"},"inLanguage":"de","potentialAction":[{"@type":"ReadAction","target":["https:\/\/www.thelittlevoyager.com\/de\/momcations\/"]}]},{"@type":"BreadcrumbList","@id":"https:\/\/www.thelittlevoyager.com\/de\/momcations\/#breadcrumb","itemListElement":[{"@type":"ListItem","position":1,"name":"Home","item":"https:\/\/www.thelittlevoyager.com\/de\/"},{"@type":"ListItem","position":2,"name":"Momcations"}]},{"@type":"WebSite","@id":"https:\/\/www.thelittlevoyager.com\/de\/#website","url":"https:\/\/www.thelittlevoyager.com\/de\/","name":"The Little Voyager","description":"Child-friendly rentals","publisher":{"@id":"https:\/\/www.thelittlevoyager.com\/de\/#organization"},"potentialAction":[{"@type":"SearchAction","target":{"@type":"EntryPoint","urlTemplate":"https:\/\/www.thelittlevoyager.com\/de\/?s={search_term_string}"},"query-input":{"@type":"PropertyValueSpecification","valueRequired":true,"valueName":"search_term_string"}}],"inLanguage":"de"},{"@type":"Organization","@id":"https:\/\/www.thelittlevoyager.com\/de\/#organization","name":"The Little Voyager","url":"https:\/\/www.thelittlevoyager.com\/de\/","logo":{"@type":"ImageObject","inLanguage":"de","@id":"https:\/\/www.thelittlevoyager.com\/de\/#\/schema\/logo\/image\/","url":"https:\/\/www.thelittlevoyager.com\/wp-content\/uploads\/2017\/07\/thelittlevoyager-logo-darkblue.png","contentUrl":"https:\/\/www.thelittlevoyager.com\/wp-content\/uploads\/2017\/07\/thelittlevoyager-logo-darkblue.png","width":400,"height":121,"caption":"The Little Voyager"},"image":{"@id":"https:\/\/www.thelittlevoyager.com\/de\/#\/schema\/logo\/image\/"},"sameAs":["https:\/\/www.facebook.com\/TheLittleVoyager1","https:\/\/x.com\/escapeswithkids","https:\/\/instagram.com\/the.little.voyager"]}]}},"_links":{"self":[{"href":"https:\/\/www.thelittlevoyager.com\/de\/wp-json\/wp\/v2\/pages\/15115","targetHints":{"allow":["GET"]}}],"collection":[{"href":"https:\/\/www.thelittlevoyager.com\/de\/wp-json\/wp\/v2\/pages"}],"about":[{"href":"https:\/\/www.thelittlevoyager.com\/de\/wp-json\/wp\/v2\/types\/page"}],"author":[{"embeddable":true,"href":"https:\/\/www.thelittlevoyager.com\/de\/wp-json\/wp\/v2\/users\/1"}],"replies":[{"embeddable":true,"href":"https:\/\/www.thelittlevoyager.com\/de\/wp-json\/wp\/v2\/comments?post=15115"}],"version-history":[{"count":10,"href":"https:\/\/www.thelittlevoyager.com\/de\/wp-json\/wp\/v2\/pages\/15115\/revisions"}],"predecessor-version":[{"id":20060,"href":"https:\/\/www.thelittlevoyager.com\/de\/wp-json\/wp\/v2\/pages\/15115\/revisions\/20060"}],"wp:attachment":[{"href":"https:\/\/www.thelittlevoyager.com\/de\/wp-json\/wp\/v2\/media?parent=15115"}],"curies":[{"name":"wp","href":"https:\/\/api.w.org\/{rel}","templated":true}]}}