{"id":15126,"date":"2020-11-25T09:50:17","date_gmt":"2020-11-25T09:50:17","guid":{"rendered":"https:\/\/www.thelittlevoyager.com\/?page_id=15126"},"modified":"2025-01-31T10:08:12","modified_gmt":"2025-01-31T10:08:12","slug":"das-austrian-nature-escape","status":"publish","type":"page","link":"https:\/\/www.thelittlevoyager.com\/de\/momcations\/das-austrian-nature-escape\/","title":{"rendered":"Das Austrian Nature Escape"},"content":{"rendered":"<div class=\"wpb-content-wrapper\"><p>[vc_row css=&#8220;.vc_custom_1718982124289{margin-top: 30px !important;padding-right: 30px !important;padding-left: 30px !important;background-color: #f802af !important;}&#8220;][vc_column][vc_column_text css=&#8220;&#8220; el_class=&#8220;heading&#8220;]<\/p>\n<h1>Momcations: <strong>Das Austrian Nature Escape<\/strong><\/h1>\n<p>[\/vc_column_text][\/vc_column][\/vc_row][vc_row css=&#8220;.vc_custom_1718982156720{padding-right: 30px !important;padding-bottom: 48px !important;padding-left: 30px !important;background-color: #ffffff !important;}&#8220;][vc_column][vc_row_inner content_placement=&#8220;middle&#8220;][vc_column_inner width=&#8220;1\/2&#8243;][vc_single_image image=&#8220;18241&#8243; img_size=&#8220;full&#8220; css=&#8220;&#8220;][\/vc_column_inner][vc_column_inner width=&#8220;1\/2&#8243;][vc_custom_heading text=&#8220;Jede Mutter hat sich eine \u201cAuszeit\u201d von ihren t\u00e4glichen, anspruchsvollen Herausforderungen verdient&#8220; font_container=&#8220;tag:p|font_size:18px|text_align:center|color:%2339597c&#8220; use_theme_fonts=&#8220;yes&#8220; css=&#8220;&#8220; el_class=&#8220;literata&#8220;][vc_column_text css=&#8220;&#8220;]Sich eine Pause zu nehmen, wenn auch nur f\u00fcr ein paar Tage, ist ein wichtiger Schritt in Richtung Selbstf\u00fcrsorge, der\u00a0unser Wohlbefinden f\u00f6rdert und uns zu besseren M\u00fcttern und Partnern macht.<\/p>\n<p>Wir bieten M\u00fcttern eine\u00a0Auszeit aus dem Mutterdasein, eine Zeit au\u00dferhalb der Familie,\u00a0um sich zu entspannen und die Batterien wieder aufzuladen.<\/p>\n<p>Wir bieten verschiedene Pakete an, die auf den pers\u00f6nlichen Bedarf jeder einzelnen Person\u00a0zugeschnitten werden k\u00f6nnen. Momcation-Pakete sind ideal f\u00fcr Alleinreisende, zu zweit oder eine Gruppe von Freundinnen.<\/p>\n<p>Dieses kann ein sch\u00f6nes\u00a0Selbstgeschenk\u00a0oder ein\u00a0besonderes Geschenk von einem Freund oder dem Partner\u00a0sein.[\/vc_column_text][\/vc_column_inner][\/vc_row_inner][vc_row_inner][vc_column_inner][vc_column_text css=&#8220;&#8220;]<\/p>\n<p style=\"text-align: center;\">Gef\u00fchrt von der herzlichen und gastfreundlichen Familie Schmuck, liegt der Schwerpunkt im\u00a0<a href=\"https:\/\/www.thelittlevoyager.com\/family-holiday-properties\/hotel-forsthofgut\/\">Naturhotel Forsthofgut\u00a0<\/a>in den \u00f6sterreichischen Alpen auf\u00a0Wellness und Outdoor-Aktivit\u00e4ten. Im alpinen Stil erbaut, ist die Inneneinrichtung eine sorgf\u00e4ltige Balance zwischen Tradition und Moderne. Eichenb\u00f6den und Holzelemente, gepaart mit gro\u00dfen Panoramafenstern, die den Blick auf die Berge freigeben, schaffen eine gem\u00fctliche, entspannende Atmosph\u00e4re und machen das Hotel zu einem\u00a0perfekten Ort f\u00fcr eine Momcation.<\/p>\n<p>[\/vc_column_text][\/vc_column_inner][\/vc_row_inner][\/vc_column][\/vc_row][vc_row css=&#8220;.vc_custom_1718982432221{padding-top: 80px !important;padding-right: 30px !important;padding-bottom: 80px !important;padding-left: 30px !important;background-image: url(https:\/\/www.thelittlevoyager.com\/wp-content\/uploads\/2021\/07\/austrian-nature-escape-pool-with-mountain-view.jpg?id=16387) !important;background-position: center !important;background-repeat: no-repeat !important;background-size: cover !important;}&#8220;][vc_column][vc_custom_heading text=&#8220;Fibdet Ruhe im erstaunlichen WaldSPA. Dieser einzigartige und stilvolle 3.800m\u00b2 gro\u00dfe Bereich ist einfach beeindruckend. Das Anwesen wurde vom renommierten Reisemagazin GEO SAISON zum sch\u00f6nsten Spa-Hotel Europas gek\u00fcrt.&#8220; font_container=&#8220;tag:p|font_size:18px|text_align:center|color:%23ffffff&#8220; use_theme_fonts=&#8220;yes&#8220; css=&#8220;.vc_custom_1718983542251{background-position: center !important;background-repeat: no-repeat !important;background-size: cover !important;}&#8220; el_class=&#8220;literata&#8220;][\/vc_column][\/vc_row][vc_row css=&#8220;.vc_custom_1718982900562{padding-top: 48px !important;padding-right: 30px !important;padding-bottom: 48px !important;padding-left: 30px !important;background-color: #ffffff !important;}&#8220;][vc_column][vc_row_inner][vc_column_inner width=&#8220;1\/2&#8243;][vc_images_carousel images=&#8220;14831,16389&#8243; img_size=&#8220;full&#8220; autoplay=&#8220;yes&#8220; wrap=&#8220;yes&#8220; css=&#8220;&#8220;][\/vc_column_inner][vc_column_inner width=&#8220;1\/2&#8243;][vc_custom_heading text=&#8220;PAKET 1: Mom\u2018s Getaway&#8220; font_container=&#8220;tag:p|font_size:18px|text_align:left&#8220; use_theme_fonts=&#8220;yes&#8220; css=&#8220;&#8220; el_class=&#8220;literata&#8220;][vc_column_text css=&#8220;&#8220;]<strong>2 \u00dcbernachtungen in einem Nature Room<\/strong>, inklusive:<\/p>\n<ul>\n<li>Alle Mahlzeiten (Fr\u00fchst\u00fcck, Nachmittagsjause und 5-Gang-Abendmen\u00fc \u2013 keine Getr\u00e4nke)<\/li>\n<li>50-min\u00fctige Ganzk\u00f6rpermassage im WaldSPA<\/li>\n<li>3.800 m\u00b2 WaldSPA f\u00fcr pure Entspannung<\/li>\n<li>3 Pools mit Bergblick<\/li>\n<li>5 verschiedene Saunatypen zum Entspannen<\/li>\n<li>300 m2 Fitnessraum (24h ge\u00f6ffnet)<\/li>\n<li>Umfangreiches Aktivprogramm (gr\u00f6\u00dftenteils im Freien)<\/li>\n<li>Natur, so weit das Auge reicht<\/li>\n<\/ul>\n<p><strong>Auf Wunsch zus\u00e4tzlich bezahlbar:<\/strong> Verl\u00e4ngerter WaldSPA-Zugang inklusive Nachmittagsjause am Abreisetag<\/p>\n<p><strong>Anreisetag:<\/strong> Sonntag bis Mittwoch<\/p>\n<p>Sie brauchen nur Ihren Flug zu buchen und wir k\u00fcmmern uns um den Rest.[\/vc_column_text][vc_btn title=&#8220;Jetzt Buchen&#8220; style=&#8220;custom&#8220; custom_background=&#8220;#f802af&#8220; custom_text=&#8220;#ffffff&#8220; shape=&#8220;square&#8220; align=&#8220;left&#8220; css=&#8220;&#8220; el_class=&#8220;pink&#8220; link=&#8220;url:https%3A%2F%2Fwww.thelittlevoyager.com%2Fde%2Fmomcations%2Fanfragen-momcations%2F&#8220;][\/vc_column_inner][\/vc_row_inner][vc_row_inner][vc_column_inner width=&#8220;1\/2&#8243;][vc_custom_heading text=&#8220;PAKET 2: meTIME im Forsthofgut&#8220; font_container=&#8220;tag:p|font_size:18px|text_align:left&#8220; use_theme_fonts=&#8220;yes&#8220; css=&#8220;&#8220; el_class=&#8220;literata&#8220;][vc_column_text css=&#8220;&#8220;]<strong>2 \u00dcbernachtungen in einem Nature Room<\/strong>, inklusive:<\/p>\n<ul>\n<li>Alle Mahlzeiten (Fr\u00fchst\u00fcck, Nachmittagsjause und 5-G\u00e4nge-Abendmen\u00fc \u2013 keine Getr\u00e4nke)<\/li>\n<li><strong>Ein exklusives Waldbaden<\/strong>\u00a0(zur Verbesserung des k\u00f6rperlichen und geistigen Wohlbefindens)<\/li>\n<li>3.800 m\u00b2 WaldSPA f\u00fcr pure Entspannung<\/li>\n<li>3 Pools mit Bergblick<\/li>\n<li>5 verschiedene Saunatypen zum Entspannen<\/li>\n<li>300 m2 Fitnessraum (24h ge\u00f6ffnet)<\/li>\n<li>Umfangreiches Aktivprogramm (\u00fcberwiegend im Freien)<\/li>\n<li>Natur, so weit das Auge reicht<\/li>\n<\/ul>\n<p><strong>Auf Wunsch zus\u00e4tzlich zahlbar:<\/strong> Verl\u00e4ngerter WaldSPA-Zugang inklusive Nachmittagsjause am Abreisetag<\/p>\n<p><strong>Anreisetag:<\/strong> Sonntag bis Mittwoch[\/vc_column_text][vc_btn title=&#8220;Jetzt Buchen&#8220; style=&#8220;custom&#8220; custom_background=&#8220;#f802af&#8220; custom_text=&#8220;#ffffff&#8220; shape=&#8220;square&#8220; align=&#8220;left&#8220; css=&#8220;&#8220; el_class=&#8220;pink&#8220; link=&#8220;url:https%3A%2F%2Fwww.thelittlevoyager.com%2Fde%2Fmomcations%2Fanfragen-momcations%2F&#8220;][\/vc_column_inner][vc_column_inner width=&#8220;1\/2&#8243;][vc_images_carousel images=&#8220;16387,16383&#8243; img_size=&#8220;full&#8220; autoplay=&#8220;yes&#8220; wrap=&#8220;yes&#8220; css=&#8220;&#8220;][\/vc_column_inner][\/vc_row_inner][\/vc_column][\/vc_row]<\/p>\n<\/div>","protected":false},"excerpt":{"rendered":"<p>[vc_row css=&#8220;.vc_custom_1718982124289{margin-top: 30px !important;padding-right: 30px !important;padding-left: 30px !important;background-color: #f802af !important;}&#8220;][vc_column][vc_column_text css=&#8220;&#8220; el_class=&#8220;heading&#8220;] Momcations: Das Austrian Nature Escape [\/vc_column_text][\/vc_column][\/vc_row][vc_row css=&#8220;.vc_custom_1718982156720{padding-right: 30px !important;padding-bottom: 48px !important;padding-left: 30px !important;background-color: #ffffff !important;}&#8220;][vc_column][vc_row_inner content_placement=&#8220;middle&#8220;][vc_column_inner width=&#8220;1\/2&#8243;][vc_single_image image=&#8220;18241&#8243; img_size=&#8220;full&#8220; css=&#8220;&#8220;][\/vc_column_inner][vc_column_inner width=&#8220;1\/2&#8243;][vc_custom_heading text=&#8220;Jede Mutter hat sich eine \u201cAuszeit\u201d von ihren t\u00e4glichen, anspruchsvollen Herausforderungen verdient&#8220; font_container=&#8220;tag:p|font_size:18px|text_align:center|color:%2339597c&#8220; use_theme_fonts=&#8220;yes&#8220; css=&#8220;&#8220; el_class=&#8220;literata&#8220;][vc_column_text css=&#8220;&#8220;]Sich eine Pause zu nehmen, wenn [&hellip;]<\/p>\n","protected":false},"author":10,"featured_media":0,"parent":15115,"menu_order":2,"comment_status":"closed","ping_status":"closed","template":"page-blank.php","meta":{"_lmt_disableupdate":"no","_lmt_disable":"","footnotes":""},"class_list":["post-15126","page","type-page","status-publish","hentry"],"yoast_head":"<!-- This site is optimized with the Yoast SEO plugin v27.4 - https:\/\/yoast.com\/product\/yoast-seo-wordpress\/ -->\n<title>The Austrian Nature Resort - Mumcations | The Little Voyager<\/title>\n<meta name=\"description\" content=\"The Austrian Nature Escape, a Mumcation from The Little Voyager, find a wonderful holiday destination that is the perfect place for all mums\" \/>\n<meta name=\"robots\" content=\"index, follow, max-snippet:-1, max-image-preview:large, max-video-preview:-1\" \/>\n<link rel=\"canonical\" href=\"https:\/\/www.thelittlevoyager.com\/de\/momcations\/das-austrian-nature-escape\/\" \/>\n<meta property=\"og:locale\" content=\"de_DE\" \/>\n<meta property=\"og:type\" content=\"article\" \/>\n<meta property=\"og:title\" content=\"The Austrian Nature Resort - Mumcations | The Little Voyager\" \/>\n<meta property=\"og:description\" content=\"The Austrian Nature Escape, a Mumcation from The Little Voyager, find a wonderful holiday destination that is the perfect place for all mums to take a break\" \/>\n<meta property=\"og:url\" content=\"https:\/\/www.thelittlevoyager.com\/de\/momcations\/das-austrian-nature-escape\/\" \/>\n<meta property=\"og:site_name\" content=\"The Little Voyager\" \/>\n<meta property=\"article:publisher\" content=\"https:\/\/www.facebook.com\/TheLittleVoyager1\" \/>\n<meta property=\"article:modified_time\" content=\"2025-01-31T10:08:12+00:00\" \/>\n<meta property=\"og:image\" content=\"https:\/\/www.thelittlevoyager.com\/wp-content\/uploads\/2021\/07\/forsthofgut-whirlpool.jpeg\" \/>\n\t<meta property=\"og:image:width\" content=\"850\" \/>\n\t<meta property=\"og:image:height\" content=\"638\" \/>\n\t<meta property=\"og:image:type\" content=\"image\/jpeg\" \/>\n<meta name=\"twitter:card\" content=\"summary_large_image\" \/>\n<meta name=\"twitter:title\" content=\"The Austrian Nature Resort - Mumcations | The Little Voyager\" \/>\n<meta name=\"twitter:description\" content=\"The Austrian Nature Escape, a Mumcation from The Little Voyager, find a wonderful holiday destination that is the perfect place for all mums to take a break\" \/>\n<meta name=\"twitter:image\" content=\"https:\/\/www.thelittlevoyager.com\/wp-content\/uploads\/2021\/07\/forsthofgut-whirlpool-1.jpeg\" \/>\n<meta name=\"twitter:site\" content=\"@escapeswithkids\" \/>\n<meta name=\"twitter:label1\" content=\"Gesch\u00e4tzte Lesezeit\" \/>\n\t<meta name=\"twitter:data1\" content=\"4\u00a0Minuten\" \/>\n<script type=\"application\/ld+json\" class=\"yoast-schema-graph\">{\"@context\":\"https:\\\/\\\/schema.org\",\"@graph\":[{\"@type\":\"WebPage\",\"@id\":\"https:\\\/\\\/www.thelittlevoyager.com\\\/de\\\/momcations\\\/das-austrian-nature-escape\\\/\",\"url\":\"https:\\\/\\\/www.thelittlevoyager.com\\\/de\\\/momcations\\\/das-austrian-nature-escape\\\/\",\"name\":\"The Austrian Nature Resort - Mumcations | The Little Voyager\",\"isPartOf\":{\"@id\":\"https:\\\/\\\/www.thelittlevoyager.com\\\/de\\\/#website\"},\"datePublished\":\"2020-11-25T09:50:17+00:00\",\"dateModified\":\"2025-01-31T10:08:12+00:00\",\"description\":\"The Austrian Nature Escape, a Mumcation from The Little Voyager, find a wonderful holiday destination that is the perfect place for all mums\",\"breadcrumb\":{\"@id\":\"https:\\\/\\\/www.thelittlevoyager.com\\\/de\\\/momcations\\\/das-austrian-nature-escape\\\/#breadcrumb\"},\"inLanguage\":\"de\",\"potentialAction\":[{\"@type\":\"ReadAction\",\"target\":[\"https:\\\/\\\/www.thelittlevoyager.com\\\/de\\\/momcations\\\/das-austrian-nature-escape\\\/\"]}]},{\"@type\":\"BreadcrumbList\",\"@id\":\"https:\\\/\\\/www.thelittlevoyager.com\\\/de\\\/momcations\\\/das-austrian-nature-escape\\\/#breadcrumb\",\"itemListElement\":[{\"@type\":\"ListItem\",\"position\":1,\"name\":\"Home\",\"item\":\"https:\\\/\\\/www.thelittlevoyager.com\\\/de\\\/\"},{\"@type\":\"ListItem\",\"position\":2,\"name\":\"Momcations\",\"item\":\"https:\\\/\\\/www.thelittlevoyager.com\\\/de\\\/momcations\\\/\"},{\"@type\":\"ListItem\",\"position\":3,\"name\":\"Das Austrian Nature Escape\"}]},{\"@type\":\"WebSite\",\"@id\":\"https:\\\/\\\/www.thelittlevoyager.com\\\/de\\\/#website\",\"url\":\"https:\\\/\\\/www.thelittlevoyager.com\\\/de\\\/\",\"name\":\"The Little Voyager\",\"description\":\"Child-friendly rentals\",\"publisher\":{\"@id\":\"https:\\\/\\\/www.thelittlevoyager.com\\\/de\\\/#organization\"},\"potentialAction\":[{\"@type\":\"SearchAction\",\"target\":{\"@type\":\"EntryPoint\",\"urlTemplate\":\"https:\\\/\\\/www.thelittlevoyager.com\\\/de\\\/?s={search_term_string}\"},\"query-input\":{\"@type\":\"PropertyValueSpecification\",\"valueRequired\":true,\"valueName\":\"search_term_string\"}}],\"inLanguage\":\"de\"},{\"@type\":\"Organization\",\"@id\":\"https:\\\/\\\/www.thelittlevoyager.com\\\/de\\\/#organization\",\"name\":\"The Little Voyager\",\"url\":\"https:\\\/\\\/www.thelittlevoyager.com\\\/de\\\/\",\"logo\":{\"@type\":\"ImageObject\",\"inLanguage\":\"de\",\"@id\":\"https:\\\/\\\/www.thelittlevoyager.com\\\/de\\\/#\\\/schema\\\/logo\\\/image\\\/\",\"url\":\"https:\\\/\\\/www.thelittlevoyager.com\\\/wp-content\\\/uploads\\\/2017\\\/07\\\/thelittlevoyager-logo-darkblue.png\",\"contentUrl\":\"https:\\\/\\\/www.thelittlevoyager.com\\\/wp-content\\\/uploads\\\/2017\\\/07\\\/thelittlevoyager-logo-darkblue.png\",\"width\":400,\"height\":121,\"caption\":\"The Little Voyager\"},\"image\":{\"@id\":\"https:\\\/\\\/www.thelittlevoyager.com\\\/de\\\/#\\\/schema\\\/logo\\\/image\\\/\"},\"sameAs\":[\"https:\\\/\\\/www.facebook.com\\\/TheLittleVoyager1\",\"https:\\\/\\\/x.com\\\/escapeswithkids\",\"https:\\\/\\\/instagram.com\\\/the.little.voyager\"]}]}<\/script>\n<!-- \/ Yoast SEO plugin. -->","yoast_head_json":{"title":"The Austrian Nature Resort - Mumcations | The Little Voyager","description":"The Austrian Nature Escape, a Mumcation from The Little Voyager, find a wonderful holiday destination that is the perfect place for all mums","robots":{"index":"index","follow":"follow","max-snippet":"max-snippet:-1","max-image-preview":"max-image-preview:large","max-video-preview":"max-video-preview:-1"},"canonical":"https:\/\/www.thelittlevoyager.com\/de\/momcations\/das-austrian-nature-escape\/","og_locale":"de_DE","og_type":"article","og_title":"The Austrian Nature Resort - Mumcations | The Little Voyager","og_description":"The Austrian Nature Escape, a Mumcation from The Little Voyager, find a wonderful holiday destination that is the perfect place for all mums to take a break","og_url":"https:\/\/www.thelittlevoyager.com\/de\/momcations\/das-austrian-nature-escape\/","og_site_name":"The Little Voyager","article_publisher":"https:\/\/www.facebook.com\/TheLittleVoyager1","article_modified_time":"2025-01-31T10:08:12+00:00","og_image":[{"width":850,"height":638,"url":"https:\/\/www.thelittlevoyager.com\/wp-content\/uploads\/2021\/07\/forsthofgut-whirlpool.jpeg","type":"image\/jpeg"}],"twitter_card":"summary_large_image","twitter_title":"The Austrian Nature Resort - Mumcations | The Little Voyager","twitter_description":"The Austrian Nature Escape, a Mumcation from The Little Voyager, find a wonderful holiday destination that is the perfect place for all mums to take a break","twitter_image":"https:\/\/www.thelittlevoyager.com\/wp-content\/uploads\/2021\/07\/forsthofgut-whirlpool-1.jpeg","twitter_site":"@escapeswithkids","twitter_misc":{"Gesch\u00e4tzte Lesezeit":"4\u00a0Minuten"},"schema":{"@context":"https:\/\/schema.org","@graph":[{"@type":"WebPage","@id":"https:\/\/www.thelittlevoyager.com\/de\/momcations\/das-austrian-nature-escape\/","url":"https:\/\/www.thelittlevoyager.com\/de\/momcations\/das-austrian-nature-escape\/","name":"The Austrian Nature Resort - Mumcations | The Little Voyager","isPartOf":{"@id":"https:\/\/www.thelittlevoyager.com\/de\/#website"},"datePublished":"2020-11-25T09:50:17+00:00","dateModified":"2025-01-31T10:08:12+00:00","description":"The Austrian Nature Escape, a Mumcation from The Little Voyager, find a wonderful holiday destination that is the perfect place for all mums","breadcrumb":{"@id":"https:\/\/www.thelittlevoyager.com\/de\/momcations\/das-austrian-nature-escape\/#breadcrumb"},"inLanguage":"de","potentialAction":[{"@type":"ReadAction","target":["https:\/\/www.thelittlevoyager.com\/de\/momcations\/das-austrian-nature-escape\/"]}]},{"@type":"BreadcrumbList","@id":"https:\/\/www.thelittlevoyager.com\/de\/momcations\/das-austrian-nature-escape\/#breadcrumb","itemListElement":[{"@type":"ListItem","position":1,"name":"Home","item":"https:\/\/www.thelittlevoyager.com\/de\/"},{"@type":"ListItem","position":2,"name":"Momcations","item":"https:\/\/www.thelittlevoyager.com\/de\/momcations\/"},{"@type":"ListItem","position":3,"name":"Das Austrian Nature Escape"}]},{"@type":"WebSite","@id":"https:\/\/www.thelittlevoyager.com\/de\/#website","url":"https:\/\/www.thelittlevoyager.com\/de\/","name":"The Little Voyager","description":"Child-friendly rentals","publisher":{"@id":"https:\/\/www.thelittlevoyager.com\/de\/#organization"},"potentialAction":[{"@type":"SearchAction","target":{"@type":"EntryPoint","urlTemplate":"https:\/\/www.thelittlevoyager.com\/de\/?s={search_term_string}"},"query-input":{"@type":"PropertyValueSpecification","valueRequired":true,"valueName":"search_term_string"}}],"inLanguage":"de"},{"@type":"Organization","@id":"https:\/\/www.thelittlevoyager.com\/de\/#organization","name":"The Little Voyager","url":"https:\/\/www.thelittlevoyager.com\/de\/","logo":{"@type":"ImageObject","inLanguage":"de","@id":"https:\/\/www.thelittlevoyager.com\/de\/#\/schema\/logo\/image\/","url":"https:\/\/www.thelittlevoyager.com\/wp-content\/uploads\/2017\/07\/thelittlevoyager-logo-darkblue.png","contentUrl":"https:\/\/www.thelittlevoyager.com\/wp-content\/uploads\/2017\/07\/thelittlevoyager-logo-darkblue.png","width":400,"height":121,"caption":"The Little Voyager"},"image":{"@id":"https:\/\/www.thelittlevoyager.com\/de\/#\/schema\/logo\/image\/"},"sameAs":["https:\/\/www.facebook.com\/TheLittleVoyager1","https:\/\/x.com\/escapeswithkids","https:\/\/instagram.com\/the.little.voyager"]}]}},"_links":{"self":[{"href":"https:\/\/www.thelittlevoyager.com\/de\/wp-json\/wp\/v2\/pages\/15126","targetHints":{"allow":["GET"]}}],"collection":[{"href":"https:\/\/www.thelittlevoyager.com\/de\/wp-json\/wp\/v2\/pages"}],"about":[{"href":"https:\/\/www.thelittlevoyager.com\/de\/wp-json\/wp\/v2\/types\/page"}],"author":[{"embeddable":true,"href":"https:\/\/www.thelittlevoyager.com\/de\/wp-json\/wp\/v2\/users\/10"}],"replies":[{"embeddable":true,"href":"https:\/\/www.thelittlevoyager.com\/de\/wp-json\/wp\/v2\/comments?post=15126"}],"version-history":[{"count":10,"href":"https:\/\/www.thelittlevoyager.com\/de\/wp-json\/wp\/v2\/pages\/15126\/revisions"}],"predecessor-version":[{"id":21063,"href":"https:\/\/www.thelittlevoyager.com\/de\/wp-json\/wp\/v2\/pages\/15126\/revisions\/21063"}],"up":[{"embeddable":true,"href":"https:\/\/www.thelittlevoyager.com\/de\/wp-json\/wp\/v2\/pages\/15115"}],"wp:attachment":[{"href":"https:\/\/www.thelittlevoyager.com\/de\/wp-json\/wp\/v2\/media?parent=15126"}],"curies":[{"name":"wp","href":"https:\/\/api.w.org\/{rel}","templated":true}]}}