{"id":15135,"date":"2020-11-25T09:57:27","date_gmt":"2020-11-25T09:57:27","guid":{"rendered":"https:\/\/www.thelittlevoyager.com\/?page_id=15135"},"modified":"2025-01-31T10:13:00","modified_gmt":"2025-01-31T10:13:00","slug":"das-catalan-eco-retreat","status":"publish","type":"page","link":"https:\/\/www.thelittlevoyager.com\/de\/momcations\/das-catalan-eco-retreat\/","title":{"rendered":"Das Catalan Eco Retreat"},"content":{"rendered":"<div class=\"wpb-content-wrapper\"><p>[vc_row css=&#8220;.vc_custom_1718970643334{margin-top: 30px !important;padding-right: 30px !important;padding-left: 30px !important;background-color: #f802af !important;}&#8220;][vc_column][vc_column_text css=&#8220;&#8220; el_class=&#8220;heading&#8220;]<\/p>\n<h1>Momcations: <strong>Das Catalan Eco Retreat<\/strong><\/h1>\n<p>[\/vc_column_text][\/vc_column][\/vc_row][vc_row css=&#8220;.vc_custom_1718970967873{padding-right: 30px !important;padding-bottom: 48px !important;padding-left: 30px !important;background-color: #ffffff !important;}&#8220;][vc_column][vc_row_inner content_placement=&#8220;middle&#8220;][vc_column_inner width=&#8220;1\/2&#8243;][vc_single_image image=&#8220;18241&#8243; img_size=&#8220;full&#8220; css=&#8220;&#8220;][\/vc_column_inner][vc_column_inner width=&#8220;1\/2&#8243;][vc_custom_heading text=&#8220;Jede Mutter hat sich eine \u201cAuszeit\u201d von ihren t\u00e4glichen, anspruchsvollen Herausforderungen verdient.&#8220; font_container=&#8220;tag:p|font_size:18px|text_align:center|color:%2339597c&#8220; use_theme_fonts=&#8220;yes&#8220; css=&#8220;.vc_custom_1718980181758{margin-bottom: 1rem !important;}&#8220; el_class=&#8220;literata&#8220;][vc_column_text css=&#8220;&#8220;]Sich eine Pause zu nehmen, wenn auch nur f\u00fcr ein paar Tage, ist ein wichtiger Schritt in Richtung Selbstf\u00fcrsorge, der\u00a0unser Wohlbefinden f\u00f6rdert und uns zu besseren M\u00fcttern und Partnern macht.<\/p>\n<p>Wir bieten M\u00fcttern eine\u00a0Auszeit aus dem Mutterdasein, eine Zeit au\u00dferhalb der Familie,\u00a0um sich zu entspannen und die Batterien wieder aufzuladen.<\/p>\n<p>Wir bieten verschiedene Pakete an, die auf den pers\u00f6nlichen Bedarf jeder einzelnen Person\u00a0zugeschnitten werden k\u00f6nnen. Momcation-Pakete sind ideal f\u00fcr Alleinreisende, zu zweit oder eine Gruppe von Freundinnen.<\/p>\n<p>Dieses kann ein sch\u00f6nes\u00a0Selbstgeschenk\u00a0oder ein\u00a0besonderes Geschenk von einem Freund oder dem Partner\u00a0sein.[\/vc_column_text][\/vc_column_inner][\/vc_row_inner][vc_row_inner][vc_column_inner][vc_column_text css=&#8220;&#8220;]<\/p>\n<p style=\"text-align: center;\">Dieses herrliche\u00a05-Sterne-\u00d6ko-Resort\u00a0ist von einer wundersch\u00f6nen Naturlandschaft\u00a0im Herzen eines Naturparks\u00a0umgeben. Das Anwesen selbst ist in einer vollst\u00e4ndig renovierten r\u00f6mischen Villa untergebracht, die von \u00fcppigen W\u00e4ldern umgeben ist, und liegt nur 25 Autominuten vom Strand entfernt.<\/p>\n<p>[\/vc_column_text][\/vc_column_inner][\/vc_row_inner][\/vc_column][\/vc_row][vc_row css=&#8220;.vc_custom_1716557350987{padding-top: 80px !important;padding-right: 30px !important;padding-bottom: 80px !important;padding-left: 30px !important;background-image: url(https:\/\/www.thelittlevoyager.com\/wp-content\/uploads\/2020\/04\/catalan-rural-escape-pool-views-little-voyager.jpeg?id=16560) !important;background-position: center !important;background-repeat: no-repeat !important;background-size: cover !important;}&#8220;][vc_column][vc_custom_heading text=&#8220;Das Resort ist ber\u00fchmt f\u00fcr seine einzigartigen Spa- und Wellness-Einrichtungen. Mehrere Pools mit unterschiedlichen Temperaturen machen es zu einem perfekten Ort f\u00fcr ein Momcation.&#8220; font_container=&#8220;tag:p|font_size:18px|text_align:center|color:%23ffffff&#8220; use_theme_fonts=&#8220;yes&#8220; css=&#8220;&#8220; el_class=&#8220;literata&#8220;][\/vc_column][\/vc_row][vc_row css=&#8220;.vc_custom_1718979586819{padding-top: 48px !important;padding-right: 30px !important;padding-bottom: 48px !important;padding-left: 30px !important;background-color: #ffffff !important;}&#8220;][vc_column][vc_row_inner][vc_column_inner width=&#8220;1\/2&#8243;][vc_images_carousel images=&#8220;16363,8148,8146,8176&#8243; img_size=&#8220;full&#8220; autoplay=&#8220;yes&#8220; wrap=&#8220;yes&#8220; css=&#8220;&#8220;][\/vc_column_inner][vc_column_inner width=&#8220;1\/2&#8243;][vc_custom_heading text=&#8220;2 \u00dcbernachtungen in einem Superior-Doppelzimmer, inklusive:&#8220; font_container=&#8220;tag:p|font_size:18px|text_align:left&#8220; use_theme_fonts=&#8220;yes&#8220; css=&#8220;&#8220; el_class=&#8220;literata&#8220;][vc_column_text css=&#8220;&#8220;]<\/p>\n<ul>\n<li>Fr\u00fchst\u00fcck<\/li>\n<li>Zugang zum hoteleigenen Spa\/Thermalbad<\/li>\n<li>Nutzung der Fahrr\u00e4der<\/li>\n<li>An den Wochenenden verf\u00fcgbar: Yoga, Weinverkostungen, Wanderungen durch den Nationalpark, Besuche im Garten\/Obstgarten und Kochkurse.<\/li>\n<li>Preise ab:\u00a0<b>375 Euro pro Paket und Person<\/b>\u00a0(in der Nebensaison)<\/li>\n<\/ul>\n<p><strong>Zus\u00e4tzliche Aktivit\u00e4ten k\u00f6nnen arrangiert werden<\/strong> (gegen Aufpreis):<br \/>\nWaldbaden, Workshops zur Herstellung einer nat\u00fcrlichen Feuchtigkeitscreme,\u00a0 Erkundung der Fauna und Flora des Nationalparks, der das Hotel umgibt, Einkaufserlebnis im La Roca Village Outlet (inklusive Busshuttle), E-Bike-Verleih.<\/p>\n<p>Ihr m\u00fcsst nur Euren Flug buchen und wir k\u00fcmmern uns um den Rest.[\/vc_column_text][vc_btn title=&#8220;Jetzt Buchen&#8220; style=&#8220;custom&#8220; custom_background=&#8220;#f802af&#8220; custom_text=&#8220;#ffffff&#8220; shape=&#8220;square&#8220; align=&#8220;left&#8220; css=&#8220;&#8220; el_class=&#8220;pink&#8220; link=&#8220;url:https%3A%2F%2Fwww.thelittlevoyager.com%2Fde%2Fmomcations%2Fanfragen-momcations%2F&#8220;][\/vc_column_inner][\/vc_row_inner][\/vc_column][\/vc_row]<\/p>\n<\/div>","protected":false},"excerpt":{"rendered":"<p>[vc_row css=&#8220;.vc_custom_1718970643334{margin-top: 30px !important;padding-right: 30px !important;padding-left: 30px !important;background-color: #f802af !important;}&#8220;][vc_column][vc_column_text css=&#8220;&#8220; el_class=&#8220;heading&#8220;] Momcations: Das Catalan Eco Retreat [\/vc_column_text][\/vc_column][\/vc_row][vc_row css=&#8220;.vc_custom_1718970967873{padding-right: 30px !important;padding-bottom: 48px !important;padding-left: 30px !important;background-color: #ffffff !important;}&#8220;][vc_column][vc_row_inner content_placement=&#8220;middle&#8220;][vc_column_inner width=&#8220;1\/2&#8243;][vc_single_image image=&#8220;18241&#8243; img_size=&#8220;full&#8220; css=&#8220;&#8220;][\/vc_column_inner][vc_column_inner width=&#8220;1\/2&#8243;][vc_custom_heading text=&#8220;Jede Mutter hat sich eine \u201cAuszeit\u201d von ihren t\u00e4glichen, anspruchsvollen Herausforderungen verdient.&#8220; font_container=&#8220;tag:p|font_size:18px|text_align:center|color:%2339597c&#8220; use_theme_fonts=&#8220;yes&#8220; css=&#8220;.vc_custom_1718980181758{margin-bottom: 1rem !important;}&#8220; el_class=&#8220;literata&#8220;][vc_column_text css=&#8220;&#8220;]Sich eine Pause zu [&hellip;]<\/p>\n","protected":false},"author":10,"featured_media":0,"parent":15115,"menu_order":4,"comment_status":"closed","ping_status":"closed","template":"page-blank.php","meta":{"_lmt_disableupdate":"no","_lmt_disable":"","footnotes":""},"class_list":["post-15135","page","type-page","status-publish","hentry"],"yoast_head":"<!-- This site is optimized with the Yoast SEO plugin v27.4 - https:\/\/yoast.com\/product\/yoast-seo-wordpress\/ -->\n<title>The Catalan Eco Retreat - Mumcation | The Little Voyager<\/title>\n<meta name=\"description\" content=\"The Catalan Eco Retreat, a Mumcation from The Little Voyager, discover a wonderful place for all Mums to go on holiday for a relaxing break\" \/>\n<meta name=\"robots\" content=\"index, follow, max-snippet:-1, max-image-preview:large, max-video-preview:-1\" \/>\n<link rel=\"canonical\" href=\"https:\/\/www.thelittlevoyager.com\/de\/momcations\/das-catalan-eco-retreat\/\" \/>\n<meta property=\"og:locale\" content=\"de_DE\" \/>\n<meta property=\"og:type\" content=\"article\" \/>\n<meta property=\"og:title\" content=\"The Catalan Eco Retreat - Mumcation | The Little Voyager\" \/>\n<meta property=\"og:description\" content=\"The Catalan Eco Retreat, a Mumcation from The Little Voyager, discover a wonderful place for all Mums to go on holiday and enjoy a relaxing break this year\" \/>\n<meta property=\"og:url\" content=\"https:\/\/www.thelittlevoyager.com\/de\/momcations\/das-catalan-eco-retreat\/\" \/>\n<meta property=\"og:site_name\" content=\"The Little Voyager\" \/>\n<meta property=\"article:publisher\" content=\"https:\/\/www.facebook.com\/TheLittleVoyager1\" \/>\n<meta property=\"article:modified_time\" content=\"2025-01-31T10:13:00+00:00\" \/>\n<meta property=\"og:image\" content=\"https:\/\/www.thelittlevoyager.com\/wp-content\/uploads\/2021\/07\/mas-salagros-swimming-pool-little-voyager.jpeg\" \/>\n\t<meta property=\"og:image:width\" content=\"850\" \/>\n\t<meta property=\"og:image:height\" content=\"530\" \/>\n\t<meta property=\"og:image:type\" content=\"image\/jpeg\" \/>\n<meta name=\"twitter:card\" content=\"summary_large_image\" \/>\n<meta name=\"twitter:title\" content=\"The Catalan Eco Retreat - Mumcation | The Little Voyager\" \/>\n<meta name=\"twitter:description\" content=\"The Catalan Eco Retreat, a Mumcation from The Little Voyager, discover a wonderful place for all Mums to go on holiday and enjoy a relaxing break this year\" \/>\n<meta name=\"twitter:image\" content=\"https:\/\/www.thelittlevoyager.com\/wp-content\/uploads\/2021\/07\/mas-salagros-swimming-pool-little-voyager.jpeg\" \/>\n<meta name=\"twitter:site\" content=\"@escapeswithkids\" \/>\n<meta name=\"twitter:label1\" content=\"Gesch\u00e4tzte Lesezeit\" \/>\n\t<meta name=\"twitter:data1\" content=\"2\u00a0Minuten\" \/>\n<script type=\"application\/ld+json\" class=\"yoast-schema-graph\">{\"@context\":\"https:\\\/\\\/schema.org\",\"@graph\":[{\"@type\":\"WebPage\",\"@id\":\"https:\\\/\\\/www.thelittlevoyager.com\\\/de\\\/momcations\\\/das-catalan-eco-retreat\\\/\",\"url\":\"https:\\\/\\\/www.thelittlevoyager.com\\\/de\\\/momcations\\\/das-catalan-eco-retreat\\\/\",\"name\":\"The Catalan Eco Retreat - Mumcation | The Little Voyager\",\"isPartOf\":{\"@id\":\"https:\\\/\\\/www.thelittlevoyager.com\\\/de\\\/#website\"},\"datePublished\":\"2020-11-25T09:57:27+00:00\",\"dateModified\":\"2025-01-31T10:13:00+00:00\",\"description\":\"The Catalan Eco Retreat, a Mumcation from The Little Voyager, discover a wonderful place for all Mums to go on holiday for a relaxing break\",\"breadcrumb\":{\"@id\":\"https:\\\/\\\/www.thelittlevoyager.com\\\/de\\\/momcations\\\/das-catalan-eco-retreat\\\/#breadcrumb\"},\"inLanguage\":\"de\",\"potentialAction\":[{\"@type\":\"ReadAction\",\"target\":[\"https:\\\/\\\/www.thelittlevoyager.com\\\/de\\\/momcations\\\/das-catalan-eco-retreat\\\/\"]}]},{\"@type\":\"BreadcrumbList\",\"@id\":\"https:\\\/\\\/www.thelittlevoyager.com\\\/de\\\/momcations\\\/das-catalan-eco-retreat\\\/#breadcrumb\",\"itemListElement\":[{\"@type\":\"ListItem\",\"position\":1,\"name\":\"Home\",\"item\":\"https:\\\/\\\/www.thelittlevoyager.com\\\/de\\\/\"},{\"@type\":\"ListItem\",\"position\":2,\"name\":\"Momcations\",\"item\":\"https:\\\/\\\/www.thelittlevoyager.com\\\/de\\\/momcations\\\/\"},{\"@type\":\"ListItem\",\"position\":3,\"name\":\"Das Catalan Eco Retreat\"}]},{\"@type\":\"WebSite\",\"@id\":\"https:\\\/\\\/www.thelittlevoyager.com\\\/de\\\/#website\",\"url\":\"https:\\\/\\\/www.thelittlevoyager.com\\\/de\\\/\",\"name\":\"The Little Voyager\",\"description\":\"Child-friendly rentals\",\"publisher\":{\"@id\":\"https:\\\/\\\/www.thelittlevoyager.com\\\/de\\\/#organization\"},\"potentialAction\":[{\"@type\":\"SearchAction\",\"target\":{\"@type\":\"EntryPoint\",\"urlTemplate\":\"https:\\\/\\\/www.thelittlevoyager.com\\\/de\\\/?s={search_term_string}\"},\"query-input\":{\"@type\":\"PropertyValueSpecification\",\"valueRequired\":true,\"valueName\":\"search_term_string\"}}],\"inLanguage\":\"de\"},{\"@type\":\"Organization\",\"@id\":\"https:\\\/\\\/www.thelittlevoyager.com\\\/de\\\/#organization\",\"name\":\"The Little Voyager\",\"url\":\"https:\\\/\\\/www.thelittlevoyager.com\\\/de\\\/\",\"logo\":{\"@type\":\"ImageObject\",\"inLanguage\":\"de\",\"@id\":\"https:\\\/\\\/www.thelittlevoyager.com\\\/de\\\/#\\\/schema\\\/logo\\\/image\\\/\",\"url\":\"https:\\\/\\\/www.thelittlevoyager.com\\\/wp-content\\\/uploads\\\/2017\\\/07\\\/thelittlevoyager-logo-darkblue.png\",\"contentUrl\":\"https:\\\/\\\/www.thelittlevoyager.com\\\/wp-content\\\/uploads\\\/2017\\\/07\\\/thelittlevoyager-logo-darkblue.png\",\"width\":400,\"height\":121,\"caption\":\"The Little Voyager\"},\"image\":{\"@id\":\"https:\\\/\\\/www.thelittlevoyager.com\\\/de\\\/#\\\/schema\\\/logo\\\/image\\\/\"},\"sameAs\":[\"https:\\\/\\\/www.facebook.com\\\/TheLittleVoyager1\",\"https:\\\/\\\/x.com\\\/escapeswithkids\",\"https:\\\/\\\/instagram.com\\\/the.little.voyager\"]}]}<\/script>\n<!-- \/ Yoast SEO plugin. -->","yoast_head_json":{"title":"The Catalan Eco Retreat - Mumcation | The Little Voyager","description":"The Catalan Eco Retreat, a Mumcation from The Little Voyager, discover a wonderful place for all Mums to go on holiday for a relaxing break","robots":{"index":"index","follow":"follow","max-snippet":"max-snippet:-1","max-image-preview":"max-image-preview:large","max-video-preview":"max-video-preview:-1"},"canonical":"https:\/\/www.thelittlevoyager.com\/de\/momcations\/das-catalan-eco-retreat\/","og_locale":"de_DE","og_type":"article","og_title":"The Catalan Eco Retreat - Mumcation | The Little Voyager","og_description":"The Catalan Eco Retreat, a Mumcation from The Little Voyager, discover a wonderful place for all Mums to go on holiday and enjoy a relaxing break this year","og_url":"https:\/\/www.thelittlevoyager.com\/de\/momcations\/das-catalan-eco-retreat\/","og_site_name":"The Little Voyager","article_publisher":"https:\/\/www.facebook.com\/TheLittleVoyager1","article_modified_time":"2025-01-31T10:13:00+00:00","og_image":[{"width":850,"height":530,"url":"https:\/\/www.thelittlevoyager.com\/wp-content\/uploads\/2021\/07\/mas-salagros-swimming-pool-little-voyager.jpeg","type":"image\/jpeg"}],"twitter_card":"summary_large_image","twitter_title":"The Catalan Eco Retreat - Mumcation | The Little Voyager","twitter_description":"The Catalan Eco Retreat, a Mumcation from The Little Voyager, discover a wonderful place for all Mums to go on holiday and enjoy a relaxing break this year","twitter_image":"https:\/\/www.thelittlevoyager.com\/wp-content\/uploads\/2021\/07\/mas-salagros-swimming-pool-little-voyager.jpeg","twitter_site":"@escapeswithkids","twitter_misc":{"Gesch\u00e4tzte Lesezeit":"2\u00a0Minuten"},"schema":{"@context":"https:\/\/schema.org","@graph":[{"@type":"WebPage","@id":"https:\/\/www.thelittlevoyager.com\/de\/momcations\/das-catalan-eco-retreat\/","url":"https:\/\/www.thelittlevoyager.com\/de\/momcations\/das-catalan-eco-retreat\/","name":"The Catalan Eco Retreat - Mumcation | The Little Voyager","isPartOf":{"@id":"https:\/\/www.thelittlevoyager.com\/de\/#website"},"datePublished":"2020-11-25T09:57:27+00:00","dateModified":"2025-01-31T10:13:00+00:00","description":"The Catalan Eco Retreat, a Mumcation from The Little Voyager, discover a wonderful place for all Mums to go on holiday for a relaxing break","breadcrumb":{"@id":"https:\/\/www.thelittlevoyager.com\/de\/momcations\/das-catalan-eco-retreat\/#breadcrumb"},"inLanguage":"de","potentialAction":[{"@type":"ReadAction","target":["https:\/\/www.thelittlevoyager.com\/de\/momcations\/das-catalan-eco-retreat\/"]}]},{"@type":"BreadcrumbList","@id":"https:\/\/www.thelittlevoyager.com\/de\/momcations\/das-catalan-eco-retreat\/#breadcrumb","itemListElement":[{"@type":"ListItem","position":1,"name":"Home","item":"https:\/\/www.thelittlevoyager.com\/de\/"},{"@type":"ListItem","position":2,"name":"Momcations","item":"https:\/\/www.thelittlevoyager.com\/de\/momcations\/"},{"@type":"ListItem","position":3,"name":"Das Catalan Eco Retreat"}]},{"@type":"WebSite","@id":"https:\/\/www.thelittlevoyager.com\/de\/#website","url":"https:\/\/www.thelittlevoyager.com\/de\/","name":"The Little Voyager","description":"Child-friendly rentals","publisher":{"@id":"https:\/\/www.thelittlevoyager.com\/de\/#organization"},"potentialAction":[{"@type":"SearchAction","target":{"@type":"EntryPoint","urlTemplate":"https:\/\/www.thelittlevoyager.com\/de\/?s={search_term_string}"},"query-input":{"@type":"PropertyValueSpecification","valueRequired":true,"valueName":"search_term_string"}}],"inLanguage":"de"},{"@type":"Organization","@id":"https:\/\/www.thelittlevoyager.com\/de\/#organization","name":"The Little Voyager","url":"https:\/\/www.thelittlevoyager.com\/de\/","logo":{"@type":"ImageObject","inLanguage":"de","@id":"https:\/\/www.thelittlevoyager.com\/de\/#\/schema\/logo\/image\/","url":"https:\/\/www.thelittlevoyager.com\/wp-content\/uploads\/2017\/07\/thelittlevoyager-logo-darkblue.png","contentUrl":"https:\/\/www.thelittlevoyager.com\/wp-content\/uploads\/2017\/07\/thelittlevoyager-logo-darkblue.png","width":400,"height":121,"caption":"The Little Voyager"},"image":{"@id":"https:\/\/www.thelittlevoyager.com\/de\/#\/schema\/logo\/image\/"},"sameAs":["https:\/\/www.facebook.com\/TheLittleVoyager1","https:\/\/x.com\/escapeswithkids","https:\/\/instagram.com\/the.little.voyager"]}]}},"_links":{"self":[{"href":"https:\/\/www.thelittlevoyager.com\/de\/wp-json\/wp\/v2\/pages\/15135","targetHints":{"allow":["GET"]}}],"collection":[{"href":"https:\/\/www.thelittlevoyager.com\/de\/wp-json\/wp\/v2\/pages"}],"about":[{"href":"https:\/\/www.thelittlevoyager.com\/de\/wp-json\/wp\/v2\/types\/page"}],"author":[{"embeddable":true,"href":"https:\/\/www.thelittlevoyager.com\/de\/wp-json\/wp\/v2\/users\/10"}],"replies":[{"embeddable":true,"href":"https:\/\/www.thelittlevoyager.com\/de\/wp-json\/wp\/v2\/comments?post=15135"}],"version-history":[{"count":10,"href":"https:\/\/www.thelittlevoyager.com\/de\/wp-json\/wp\/v2\/pages\/15135\/revisions"}],"predecessor-version":[{"id":21066,"href":"https:\/\/www.thelittlevoyager.com\/de\/wp-json\/wp\/v2\/pages\/15135\/revisions\/21066"}],"up":[{"embeddable":true,"href":"https:\/\/www.thelittlevoyager.com\/de\/wp-json\/wp\/v2\/pages\/15115"}],"wp:attachment":[{"href":"https:\/\/www.thelittlevoyager.com\/de\/wp-json\/wp\/v2\/media?parent=15135"}],"curies":[{"name":"wp","href":"https:\/\/api.w.org\/{rel}","templated":true}]}}