{"id":16221,"date":"2021-04-23T10:46:13","date_gmt":"2021-04-23T10:46:13","guid":{"rendered":"https:\/\/www.thelittlevoyager.com\/?page_id=16221"},"modified":"2024-06-21T10:37:22","modified_gmt":"2024-06-21T10:37:22","slug":"zurueckgeben-an-die-die-es-am-meisten-brauchen","status":"publish","type":"page","link":"https:\/\/www.thelittlevoyager.com\/de\/ueber-die-little-voyager-familie\/zurueckgeben-an-die-die-es-am-meisten-brauchen\/","title":{"rendered":"Wir unterst\u00fctzen Menschen in Not"},"content":{"rendered":"<div class=\"wpb-content-wrapper\"><p>[vc_row css=&#8220;.vc_custom_1718966234133{margin-top: 30px !important;padding-right: 30px !important;padding-left: 30px !important;background-color: #f802af !important;}&#8220;][vc_column][vc_column_text el_class=&#8220;heading&#8220;]<\/p>\n<h1>Wir unterst\u00fctzen <strong>Menschen in Not<\/strong><\/h1>\n<p>[\/vc_column_text][\/vc_column][\/vc_row][vc_row css=&#8220;.vc_custom_1714664172371{padding-right: 30px !important;padding-left: 30px !important;background-color: #ffffff !important;}&#8220;][vc_column][vc_row_inner][vc_column_inner width=&#8220;1\/2&#8243;][vc_custom_heading text=&#8220;Ich habe eine Weile nach einem geeigneten Wohlt\u00e4tigkeitsprojekt gesucht, das<br \/>\nwir mit The Little Voyager unterst\u00fctzen k\u00f6nnen und habe am Ende dieses<br \/>\nsch\u00f6ne und transparente Projekt in Loitokitok, Kenia, gefunden, das Kindern und<br \/>\nFrauen in Not hilft.&#8220; font_container=&#8220;tag:p|font_size:18px|text_align:center|color:%2339597c&#8220; use_theme_fonts=&#8220;yes&#8220; css=&#8220;&#8220; el_class=&#8220;literata&#8220;][vc_custom_heading text=&#8220;Wer sind Emma &amp; Anton?&#8220; use_theme_fonts=&#8220;yes&#8220; css=&#8220;&#8220;][vc_column_text css=&#8220;&#8220;]<a href=\"https:\/\/www.emmaundanton.org\/\" target=\"_blank\" rel=\"noopener\">Emma&amp;Anton<\/a>\u00a0ist eine deutsche Nichtregierungsorganisation, die sich f\u00fcr<br \/>\nKinder und Frauen in Loitokitok einsetzt, einem kleinen Dorf in Kenia, direkt an der Grenze zu Tansania. Sie sind der Meinung, dass keinem Kind das Recht auf Bildung vorenthalten werden sollte und dass jede Frau in der Lage sein sollte,ihre eigenen Lebensentscheidungen frei und sicher zu treffen.[\/vc_column_text][vc_column_text]<a href=\"https:\/\/www.emmaundanton.org\/?lang=de\" target=\"_blank\" rel=\"noopener\"><picture><source srcset=\"https:\/\/www.thelittlevoyager.com\/wp-content\/webp-express\/webp-images\/uploads\/2021\/05\/emma-anton-logo.png.webp\" type=\"image\/webp\"><img loading=\"lazy\" decoding=\"async\" class=\"aligncenter wp-image-16216 size-full webpexpress-processed\" src=\"https:\/\/www.thelittlevoyager.com\/wp-content\/uploads\/2021\/05\/emma-anton-logo.png\" alt=\"emma and anton logo\" width=\"200\" height=\"41\"><\/picture><\/a>[\/vc_column_text][\/vc_column_inner][vc_column_inner width=&#8220;1\/2&#8243;][vc_single_image image=&#8220;18598&#8243; img_size=&#8220;full&#8220; alignment=&#8220;center&#8220;][\/vc_column_inner][\/vc_row_inner][vc_row_inner][vc_column_inner width=&#8220;1\/2&#8243;][vc_single_image image=&#8220;18600&#8243; img_size=&#8220;full&#8220; css_animation=&#8220;fadeInUp&#8220;][\/vc_column_inner][vc_column_inner width=&#8220;1\/2&#8243;][vc_custom_heading text=&#8220;Was tun sie?&#8220; use_theme_fonts=&#8220;yes&#8220; css=&#8220;&#8220;][vc_column_text css=&#8220;&#8220;]<span style=\"font-weight: 400;\">Es ist traurig, aber wahr: Viele Kinder k\u00f6nnen immer noch nicht zur Schule gehen und eine angemessene Ausbildung erhalten. Das liegt vor allem am mangelnden Bewusstsein f\u00fcr die Bedeutung von Bildung und auch an den fehlenden finanziellen Mitteln. Emma &amp; Anton besucht Familien und spricht mit den Eltern, um ihnen zu helfen, ihren Kindern die verdiente Bildung zu erm\u00f6glichen. Die Organisation versucht, Sponsoren zu finden, die das monatliche Schulgeld f\u00fcr diese Kinder bezahlen.<\/span>[\/vc_column_text][vc_custom_heading text=&#8220;Hilfe f\u00fcr M\u00e4dchen und Junge Frauen&#8220; font_container=&#8220;tag:h3|text_align:left&#8220; use_theme_fonts=&#8220;yes&#8220; css=&#8220;&#8220;][vc_column_text css=&#8220;&#8220;]<span style=\"font-weight: 400;\">Ein weiteres wichtiges Anliegen der Organisation ist es, M\u00e4dchen und junge Frauen vor Genitalverst\u00fcmmelung und Fr\u00fchverheiratung zu bewahren. Frauen, die versuchen, dem zu entkommen, werden oft gesellschaftlich ge\u00e4chtet, manche werden sogar von ihren eigenen Familien verjagt. Die Organisation m\u00f6chte einen sicheren Ort f\u00fcr sie schaffen, indem sie Frauengruppen einrichtet, um eventuell Ausgesto\u00dfenen ein neues und vertrauensw\u00fcrdiges soziales Umfeld zu bieten, und ihnen bei individuellen Pl\u00e4nen f\u00fcr ihre Zukunft hilft.<\/span><\/p>\n<p><span style=\"font-weight: 400;\">Nicht zuletzt versucht Emma &amp; Anton bei allem, was sie tun, so nachhaltig wie m\u00f6glich zu sein, z. B. durch die Wiederverwendung von Plastikm\u00fcll in den von ihnen unterst\u00fctzten Gebieten. Sie organisieren auch nachhaltige Projekte und Veranstaltungen in Deutschland, wie z. B. Kleidertauschpartys, um das Bewusstsein zu sch\u00e4rfen und zus\u00e4tzliche Mittel f\u00fcr ihre Projekte zu sammeln.<\/span>[\/vc_column_text][\/vc_column_inner][\/vc_row_inner][vc_row_inner][vc_column_inner width=&#8220;1\/2&#8243;][vc_custom_heading text=&#8220;Wie wir aktiv helfen k\u00f6nnen&#8220; use_theme_fonts=&#8220;yes&#8220; css=&#8220;&#8220;][vc_column_text css=&#8220;&#8220;]<span style=\"font-weight: 400;\">Neben den bereits erw\u00e4hnten Projekten hat Emma &amp; Anton tolle gro\u00dfe Pl\u00e4ne f\u00fcr die n\u00e4chsten Jahre und m\u00f6chte eine weiterf\u00fchrende Schule f\u00fcr die Kinder des Dorfes bauen. Um dies zu unterst\u00fctzen, spendet The Little Voyager von jeder Buchung, die wir erhalten, einen symbolischen Teil f\u00fcr die neue High School.<\/span>[\/vc_column_text][vc_custom_heading text=&#8220;Wenn Ihr mehr \u00fcber das Projekt erfahren m\u00f6chtet, besucht bitte die Homepage und wenn Ihr k\u00f6nnt, denkt \u00fcber eine Patenschaft nach oder kauft direkt Dinge des t\u00e4glichen Lebens f\u00fcr die Kinder in ihrem kleinen Shop. Kurz darauf k\u00f6nnt Ihr in der Bildergalerie st\u00f6bern und sehen, wie all diese Dinge direkt an die Kinder weitergegeben werden.&#8220; font_container=&#8220;tag:p|font_size:18px|text_align:center|color:%2339597c&#8220; use_theme_fonts=&#8220;yes&#8220; css=&#8220;&#8220; el_class=&#8220;literata&#8220;][\/vc_column_inner][vc_column_inner width=&#8220;1\/2&#8243;][vc_single_image image=&#8220;18602&#8243; img_size=&#8220;medium&#8220; css_animation=&#8220;fadeInUp&#8220;][\/vc_column_inner][\/vc_row_inner][vc_row_inner css=&#8220;.vc_custom_1714650947452{margin-right: 20px !important;margin-bottom: 50px !important;background-color: #dbe9f4 !important;}&#8220;][vc_column_inner css=&#8220;.vc_custom_1714650615600{padding-top: 0px !important;padding-right: -20px !important;padding-bottom: -20px !important;padding-left: 0px !important;}&#8220;][vc_column_text css_animation=&#8220;fadeInUp&#8220; css=&#8220;.vc_custom_1716548057236{margin-top: 20px !important;margin-right: -40px !important;margin-bottom: -20px !important;margin-left: 20px !important;padding-top: 30px !important;padding-right: 20px !important;padding-bottom: 30px !important;padding-left: 20px !important;background-color: #92bcd2 !important;}&#8220; el_class=&#8220;quote&#8220;]<\/p>\n<p style=\"text-align: center;\">\u201c<span style=\"font-weight: 400;\">Am Ende des Tages geht es nicht darum, was man hat oder was man erreicht hat &#8230; es geht darum, wen man aufgebaut, wen man zu etwas besserem gemacht hat. Es geht darum, was du zur\u00fcckgegeben hast.&#8220;<\/span><\/p>\n<p style=\"text-align: center;\">Denzel Washington<\/p>\n<p>[\/vc_column_text][\/vc_column_inner][\/vc_row_inner][\/vc_column][\/vc_row]<\/p>\n<\/div>","protected":false},"excerpt":{"rendered":"<p>[vc_row css=&#8220;.vc_custom_1718966234133{margin-top: 30px !important;padding-right: 30px !important;padding-left: 30px !important;background-color: #f802af !important;}&#8220;][vc_column][vc_column_text el_class=&#8220;heading&#8220;] Wir unterst\u00fctzen Menschen in Not [\/vc_column_text][\/vc_column][\/vc_row][vc_row css=&#8220;.vc_custom_1714664172371{padding-right: 30px !important;padding-left: 30px !important;background-color: #ffffff !important;}&#8220;][vc_column][vc_row_inner][vc_column_inner width=&#8220;1\/2&#8243;][vc_custom_heading text=&#8220;Ich habe eine Weile nach einem geeigneten Wohlt\u00e4tigkeitsprojekt gesucht, das wir mit The Little Voyager unterst\u00fctzen k\u00f6nnen und habe am Ende dieses sch\u00f6ne und transparente Projekt in Loitokitok, Kenia, gefunden, [&hellip;]<\/p>\n","protected":false},"author":10,"featured_media":0,"parent":2465,"menu_order":1,"comment_status":"closed","ping_status":"closed","template":"page-blank.php","meta":{"_lmt_disableupdate":"no","_lmt_disable":"","footnotes":""},"class_list":["post-16221","page","type-page","status-publish","hentry"],"yoast_head":"<!-- This site is optimized with the Yoast SEO plugin v27.4 - https:\/\/yoast.com\/product\/yoast-seo-wordpress\/ -->\n<title>Giving Back To Those In Need | The Little Voyager<\/title>\n<meta name=\"description\" content=\"Giving back to those in need, discover the charity Emma&amp;Anton, and how The Little Voyager look to give back to those in need.\" \/>\n<meta name=\"robots\" content=\"index, follow, max-snippet:-1, max-image-preview:large, max-video-preview:-1\" \/>\n<link rel=\"canonical\" href=\"https:\/\/www.thelittlevoyager.com\/de\/ueber-die-little-voyager-familie\/zurueckgeben-an-die-die-es-am-meisten-brauchen\/\" \/>\n<meta property=\"og:locale\" content=\"de_DE\" \/>\n<meta property=\"og:type\" content=\"article\" \/>\n<meta property=\"og:title\" content=\"Giving Back To Those In Need | The Little Voyager\" \/>\n<meta property=\"og:description\" content=\"Giving back to those in need, discover the charity Emma&amp;Anton, and how The Little Voyager look to give back to those in need.\" \/>\n<meta property=\"og:url\" content=\"https:\/\/www.thelittlevoyager.com\/de\/ueber-die-little-voyager-familie\/zurueckgeben-an-die-die-es-am-meisten-brauchen\/\" \/>\n<meta property=\"og:site_name\" content=\"The Little Voyager\" \/>\n<meta property=\"article:publisher\" content=\"https:\/\/www.facebook.com\/TheLittleVoyager1\" \/>\n<meta property=\"article:modified_time\" content=\"2024-06-21T10:37:22+00:00\" \/>\n<meta property=\"og:image\" content=\"https:\/\/www.thelittlevoyager.com\/wp-content\/uploads\/2017\/07\/maldives-kandima-1.jpg\" \/>\n\t<meta property=\"og:image:width\" content=\"1267\" \/>\n\t<meta property=\"og:image:height\" content=\"500\" \/>\n\t<meta property=\"og:image:type\" content=\"image\/jpeg\" \/>\n<meta name=\"twitter:card\" content=\"summary_large_image\" \/>\n<meta name=\"twitter:site\" content=\"@escapeswithkids\" \/>\n<meta name=\"twitter:label1\" content=\"Gesch\u00e4tzte Lesezeit\" \/>\n\t<meta name=\"twitter:data1\" content=\"4\u00a0Minuten\" \/>\n<script type=\"application\/ld+json\" class=\"yoast-schema-graph\">{\"@context\":\"https:\\\/\\\/schema.org\",\"@graph\":[{\"@type\":\"WebPage\",\"@id\":\"https:\\\/\\\/www.thelittlevoyager.com\\\/de\\\/ueber-die-little-voyager-familie\\\/zurueckgeben-an-die-die-es-am-meisten-brauchen\\\/\",\"url\":\"https:\\\/\\\/www.thelittlevoyager.com\\\/de\\\/ueber-die-little-voyager-familie\\\/zurueckgeben-an-die-die-es-am-meisten-brauchen\\\/\",\"name\":\"Giving Back To Those In Need | The Little Voyager\",\"isPartOf\":{\"@id\":\"https:\\\/\\\/www.thelittlevoyager.com\\\/de\\\/#website\"},\"primaryImageOfPage\":{\"@id\":\"https:\\\/\\\/www.thelittlevoyager.com\\\/de\\\/ueber-die-little-voyager-familie\\\/zurueckgeben-an-die-die-es-am-meisten-brauchen\\\/#primaryimage\"},\"image\":{\"@id\":\"https:\\\/\\\/www.thelittlevoyager.com\\\/de\\\/ueber-die-little-voyager-familie\\\/zurueckgeben-an-die-die-es-am-meisten-brauchen\\\/#primaryimage\"},\"thumbnailUrl\":\"https:\\\/\\\/www.thelittlevoyager.com\\\/wp-content\\\/uploads\\\/2021\\\/05\\\/emma-anton-logo.png\",\"datePublished\":\"2021-04-23T10:46:13+00:00\",\"dateModified\":\"2024-06-21T10:37:22+00:00\",\"description\":\"Giving back to those in need, discover the charity Emma&Anton, and how The Little Voyager look to give back to those in need.\",\"breadcrumb\":{\"@id\":\"https:\\\/\\\/www.thelittlevoyager.com\\\/de\\\/ueber-die-little-voyager-familie\\\/zurueckgeben-an-die-die-es-am-meisten-brauchen\\\/#breadcrumb\"},\"inLanguage\":\"de\",\"potentialAction\":[{\"@type\":\"ReadAction\",\"target\":[\"https:\\\/\\\/www.thelittlevoyager.com\\\/de\\\/ueber-die-little-voyager-familie\\\/zurueckgeben-an-die-die-es-am-meisten-brauchen\\\/\"]}]},{\"@type\":\"ImageObject\",\"inLanguage\":\"de\",\"@id\":\"https:\\\/\\\/www.thelittlevoyager.com\\\/de\\\/ueber-die-little-voyager-familie\\\/zurueckgeben-an-die-die-es-am-meisten-brauchen\\\/#primaryimage\",\"url\":\"https:\\\/\\\/www.thelittlevoyager.com\\\/wp-content\\\/uploads\\\/2021\\\/05\\\/emma-anton-logo.png\",\"contentUrl\":\"https:\\\/\\\/www.thelittlevoyager.com\\\/wp-content\\\/uploads\\\/2021\\\/05\\\/emma-anton-logo.png\"},{\"@type\":\"BreadcrumbList\",\"@id\":\"https:\\\/\\\/www.thelittlevoyager.com\\\/de\\\/ueber-die-little-voyager-familie\\\/zurueckgeben-an-die-die-es-am-meisten-brauchen\\\/#breadcrumb\",\"itemListElement\":[{\"@type\":\"ListItem\",\"position\":1,\"name\":\"Home\",\"item\":\"https:\\\/\\\/www.thelittlevoyager.com\\\/de\\\/\"},{\"@type\":\"ListItem\",\"position\":2,\"name\":\"\u00dcber The Little Voyager\",\"item\":\"https:\\\/\\\/www.thelittlevoyager.com\\\/de\\\/ueber-die-little-voyager-familie\\\/\"},{\"@type\":\"ListItem\",\"position\":3,\"name\":\"Wir unterst\u00fctzen Menschen in Not\"}]},{\"@type\":\"WebSite\",\"@id\":\"https:\\\/\\\/www.thelittlevoyager.com\\\/de\\\/#website\",\"url\":\"https:\\\/\\\/www.thelittlevoyager.com\\\/de\\\/\",\"name\":\"The Little Voyager\",\"description\":\"Child-friendly rentals\",\"publisher\":{\"@id\":\"https:\\\/\\\/www.thelittlevoyager.com\\\/de\\\/#organization\"},\"potentialAction\":[{\"@type\":\"SearchAction\",\"target\":{\"@type\":\"EntryPoint\",\"urlTemplate\":\"https:\\\/\\\/www.thelittlevoyager.com\\\/de\\\/?s={search_term_string}\"},\"query-input\":{\"@type\":\"PropertyValueSpecification\",\"valueRequired\":true,\"valueName\":\"search_term_string\"}}],\"inLanguage\":\"de\"},{\"@type\":\"Organization\",\"@id\":\"https:\\\/\\\/www.thelittlevoyager.com\\\/de\\\/#organization\",\"name\":\"The Little Voyager\",\"url\":\"https:\\\/\\\/www.thelittlevoyager.com\\\/de\\\/\",\"logo\":{\"@type\":\"ImageObject\",\"inLanguage\":\"de\",\"@id\":\"https:\\\/\\\/www.thelittlevoyager.com\\\/de\\\/#\\\/schema\\\/logo\\\/image\\\/\",\"url\":\"https:\\\/\\\/www.thelittlevoyager.com\\\/wp-content\\\/uploads\\\/2017\\\/07\\\/thelittlevoyager-logo-darkblue.png\",\"contentUrl\":\"https:\\\/\\\/www.thelittlevoyager.com\\\/wp-content\\\/uploads\\\/2017\\\/07\\\/thelittlevoyager-logo-darkblue.png\",\"width\":400,\"height\":121,\"caption\":\"The Little Voyager\"},\"image\":{\"@id\":\"https:\\\/\\\/www.thelittlevoyager.com\\\/de\\\/#\\\/schema\\\/logo\\\/image\\\/\"},\"sameAs\":[\"https:\\\/\\\/www.facebook.com\\\/TheLittleVoyager1\",\"https:\\\/\\\/x.com\\\/escapeswithkids\",\"https:\\\/\\\/instagram.com\\\/the.little.voyager\"]}]}<\/script>\n<!-- \/ Yoast SEO plugin. -->","yoast_head_json":{"title":"Giving Back To Those In Need | The Little Voyager","description":"Giving back to those in need, discover the charity Emma&Anton, and how The Little Voyager look to give back to those in need.","robots":{"index":"index","follow":"follow","max-snippet":"max-snippet:-1","max-image-preview":"max-image-preview:large","max-video-preview":"max-video-preview:-1"},"canonical":"https:\/\/www.thelittlevoyager.com\/de\/ueber-die-little-voyager-familie\/zurueckgeben-an-die-die-es-am-meisten-brauchen\/","og_locale":"de_DE","og_type":"article","og_title":"Giving Back To Those In Need | The Little Voyager","og_description":"Giving back to those in need, discover the charity Emma&Anton, and how The Little Voyager look to give back to those in need.","og_url":"https:\/\/www.thelittlevoyager.com\/de\/ueber-die-little-voyager-familie\/zurueckgeben-an-die-die-es-am-meisten-brauchen\/","og_site_name":"The Little Voyager","article_publisher":"https:\/\/www.facebook.com\/TheLittleVoyager1","article_modified_time":"2024-06-21T10:37:22+00:00","og_image":[{"width":1267,"height":500,"url":"https:\/\/www.thelittlevoyager.com\/wp-content\/uploads\/2017\/07\/maldives-kandima-1.jpg","type":"image\/jpeg"}],"twitter_card":"summary_large_image","twitter_site":"@escapeswithkids","twitter_misc":{"Gesch\u00e4tzte Lesezeit":"4\u00a0Minuten"},"schema":{"@context":"https:\/\/schema.org","@graph":[{"@type":"WebPage","@id":"https:\/\/www.thelittlevoyager.com\/de\/ueber-die-little-voyager-familie\/zurueckgeben-an-die-die-es-am-meisten-brauchen\/","url":"https:\/\/www.thelittlevoyager.com\/de\/ueber-die-little-voyager-familie\/zurueckgeben-an-die-die-es-am-meisten-brauchen\/","name":"Giving Back To Those In Need | The Little Voyager","isPartOf":{"@id":"https:\/\/www.thelittlevoyager.com\/de\/#website"},"primaryImageOfPage":{"@id":"https:\/\/www.thelittlevoyager.com\/de\/ueber-die-little-voyager-familie\/zurueckgeben-an-die-die-es-am-meisten-brauchen\/#primaryimage"},"image":{"@id":"https:\/\/www.thelittlevoyager.com\/de\/ueber-die-little-voyager-familie\/zurueckgeben-an-die-die-es-am-meisten-brauchen\/#primaryimage"},"thumbnailUrl":"https:\/\/www.thelittlevoyager.com\/wp-content\/uploads\/2021\/05\/emma-anton-logo.png","datePublished":"2021-04-23T10:46:13+00:00","dateModified":"2024-06-21T10:37:22+00:00","description":"Giving back to those in need, discover the charity Emma&Anton, and how The Little Voyager look to give back to those in need.","breadcrumb":{"@id":"https:\/\/www.thelittlevoyager.com\/de\/ueber-die-little-voyager-familie\/zurueckgeben-an-die-die-es-am-meisten-brauchen\/#breadcrumb"},"inLanguage":"de","potentialAction":[{"@type":"ReadAction","target":["https:\/\/www.thelittlevoyager.com\/de\/ueber-die-little-voyager-familie\/zurueckgeben-an-die-die-es-am-meisten-brauchen\/"]}]},{"@type":"ImageObject","inLanguage":"de","@id":"https:\/\/www.thelittlevoyager.com\/de\/ueber-die-little-voyager-familie\/zurueckgeben-an-die-die-es-am-meisten-brauchen\/#primaryimage","url":"https:\/\/www.thelittlevoyager.com\/wp-content\/uploads\/2021\/05\/emma-anton-logo.png","contentUrl":"https:\/\/www.thelittlevoyager.com\/wp-content\/uploads\/2021\/05\/emma-anton-logo.png"},{"@type":"BreadcrumbList","@id":"https:\/\/www.thelittlevoyager.com\/de\/ueber-die-little-voyager-familie\/zurueckgeben-an-die-die-es-am-meisten-brauchen\/#breadcrumb","itemListElement":[{"@type":"ListItem","position":1,"name":"Home","item":"https:\/\/www.thelittlevoyager.com\/de\/"},{"@type":"ListItem","position":2,"name":"\u00dcber The Little Voyager","item":"https:\/\/www.thelittlevoyager.com\/de\/ueber-die-little-voyager-familie\/"},{"@type":"ListItem","position":3,"name":"Wir unterst\u00fctzen Menschen in Not"}]},{"@type":"WebSite","@id":"https:\/\/www.thelittlevoyager.com\/de\/#website","url":"https:\/\/www.thelittlevoyager.com\/de\/","name":"The Little Voyager","description":"Child-friendly rentals","publisher":{"@id":"https:\/\/www.thelittlevoyager.com\/de\/#organization"},"potentialAction":[{"@type":"SearchAction","target":{"@type":"EntryPoint","urlTemplate":"https:\/\/www.thelittlevoyager.com\/de\/?s={search_term_string}"},"query-input":{"@type":"PropertyValueSpecification","valueRequired":true,"valueName":"search_term_string"}}],"inLanguage":"de"},{"@type":"Organization","@id":"https:\/\/www.thelittlevoyager.com\/de\/#organization","name":"The Little Voyager","url":"https:\/\/www.thelittlevoyager.com\/de\/","logo":{"@type":"ImageObject","inLanguage":"de","@id":"https:\/\/www.thelittlevoyager.com\/de\/#\/schema\/logo\/image\/","url":"https:\/\/www.thelittlevoyager.com\/wp-content\/uploads\/2017\/07\/thelittlevoyager-logo-darkblue.png","contentUrl":"https:\/\/www.thelittlevoyager.com\/wp-content\/uploads\/2017\/07\/thelittlevoyager-logo-darkblue.png","width":400,"height":121,"caption":"The Little Voyager"},"image":{"@id":"https:\/\/www.thelittlevoyager.com\/de\/#\/schema\/logo\/image\/"},"sameAs":["https:\/\/www.facebook.com\/TheLittleVoyager1","https:\/\/x.com\/escapeswithkids","https:\/\/instagram.com\/the.little.voyager"]}]}},"_links":{"self":[{"href":"https:\/\/www.thelittlevoyager.com\/de\/wp-json\/wp\/v2\/pages\/16221","targetHints":{"allow":["GET"]}}],"collection":[{"href":"https:\/\/www.thelittlevoyager.com\/de\/wp-json\/wp\/v2\/pages"}],"about":[{"href":"https:\/\/www.thelittlevoyager.com\/de\/wp-json\/wp\/v2\/types\/page"}],"author":[{"embeddable":true,"href":"https:\/\/www.thelittlevoyager.com\/de\/wp-json\/wp\/v2\/users\/10"}],"replies":[{"embeddable":true,"href":"https:\/\/www.thelittlevoyager.com\/de\/wp-json\/wp\/v2\/comments?post=16221"}],"version-history":[{"count":10,"href":"https:\/\/www.thelittlevoyager.com\/de\/wp-json\/wp\/v2\/pages\/16221\/revisions"}],"predecessor-version":[{"id":19528,"href":"https:\/\/www.thelittlevoyager.com\/de\/wp-json\/wp\/v2\/pages\/16221\/revisions\/19528"}],"up":[{"embeddable":true,"href":"https:\/\/www.thelittlevoyager.com\/de\/wp-json\/wp\/v2\/pages\/2465"}],"wp:attachment":[{"href":"https:\/\/www.thelittlevoyager.com\/de\/wp-json\/wp\/v2\/media?parent=16221"}],"curies":[{"name":"wp","href":"https:\/\/api.w.org\/{rel}","templated":true}]}}