{"id":2465,"date":"2017-03-30T17:27:17","date_gmt":"2017-03-30T17:27:17","guid":{"rendered":"https:\/\/www.thelittlevoyager.com\/?page_id=2465"},"modified":"2024-09-26T12:44:25","modified_gmt":"2024-09-26T12:44:25","slug":"ueber-die-little-voyager-familie","status":"publish","type":"page","link":"https:\/\/www.thelittlevoyager.com\/de\/ueber-die-little-voyager-familie\/","title":{"rendered":"\u00dcber The Little Voyager"},"content":{"rendered":"<div class=\"wpb-content-wrapper\"><p>[vc_row css=&#8220;.vc_custom_1718965891103{margin-top: 30px !important;padding-right: 30px !important;padding-left: 30px !important;background-color: #f802af !important;}&#8220;][vc_column][vc_column_text css=&#8220;&#8220; el_class=&#8220;heading&#8220;]<\/p>\n<h1>\u00dcber The Little Voyager<\/h1>\n<p>[\/vc_column_text][\/vc_column][\/vc_row][vc_row css=&#8220;.vc_custom_1714657573670{padding-right: 30px !important;padding-left: 30px !important;background-color: #ffffff !important;}&#8220;][vc_column][vc_row_inner][vc_column_inner][vc_custom_heading text=&#8220;Wir suchen immer nach sch\u00f6nen Orten, die den Urlaub mit Kindern so angenehm und entspannt wie m\u00f6glich gestalten f\u00fcr alle Familienmitglieder. Unser Service ist kostenfrei und alle unsere Unterk\u00fcnfte werden von uns besucht oder getestet, um sicherzustellen, dass sie den h\u00f6chsten Standards entsprechen.&#8220; font_container=&#8220;tag:p|font_size:18px|text_align:center|color:%2339597c&#8220; use_theme_fonts=&#8220;yes&#8220; css=&#8220;.vc_custom_1723801061373{padding-top: 32px !important;padding-bottom: 32px !important;}&#8220; el_class=&#8220;literata&#8220;][vc_custom_heading text=&#8220;Unsere Geschichte&#8220; use_theme_fonts=&#8220;yes&#8220; css=&#8220;&#8220;][\/vc_column_inner][\/vc_row_inner][vc_row_inner][vc_column_inner width=&#8220;3\/5&#8243;][vc_column_text css=&#8220;&#8220;]Ich bin Ilonka, Mutter von zwei wunderbaren Kindern und Gr\u00fcnderin vom The Little Voyager.<\/p>\n<p>Mein Vater hat mir die Liebe zum Reisen in die Wiege gelegt. Als ich 2 Monate alt war, fuhr ich bereits auf dem Autor\u00fccksitz meiner Eltern nach Italien. Und viele weitere Reisen folgten im Anschluss.<\/p>\n<p>Ich liebe bis heute das Wirrwarr auf Flugh\u00e4fen mit den Begr\u00fc\u00dfungs- und Abschiedsszenen, die Ankunft in Hotel Lobbies und den Klang anderer Sprachen. Ich h\u00e4tte nie geglaubt, dass mich irgendetwas vom Reisen abhalten k\u00f6nnte. Damals war ich allerdings auch noch nicht Mutter.<\/p>\n<p>2012 wurde dann mein Sohn geboren und wie in fast allen anderen Familien auch, \u00e4nderte sich unser Leben schlagartig. Pl\u00f6tzlich verstand ich alle Freunde, die mir davon erz\u00e4hlten, wie anstrengend es sei, mit Kleinkindern zu verreisen, und dass einige auch Angst hatten, \u00fcberhaupt zu verreisen und in den Ferien lieber zu Hause blieben. Vor der Geburt meines ersten Kindes undenkbar.<\/p>\n<p>Wenn ich allerdings jemals in meinem Leben wirklich Urlaub n\u00f6tig gehabt habe, dann bestimmt in diesen ersten Jahren nach der Geburt meines Sohnes, der leider nicht der beste Schl\u00e4fer war.<\/p>\n<p>So endete daraufhin unsere erste l\u00e4ngere und wohlverdiente Reise als frisch gebackene Eltern auch im Total Chaos, nachdem unsere Unterkunft alles andere als kinderfreundlich war&#8230;<\/p>\n<p>Als mir nach unserem ersten Reise-Desaster dann langsam klar wurde, wie schwierig es ist, sch\u00f6ne und gleichzeitig kinderfreundliche Urlaubsunterk\u00fcnfte zu finden, entstand die Idee f\u00fcr meine Firma, die ein wahres Herzensprojekt ist.<\/p>\n<p>Mit \u201cThe Little Voyager\u201d habe ich eine Reiseagentur gegr\u00fcndet, die Eltern das Reisen mit Kindern jeden Alters erleichtern soll und wir bem\u00fchen uns um eine sehr pers\u00f6nliche und individuelle Beratung jedes Einzelnen.<\/p>\n<p>Ich hoffe sehr, dass Euch unsere Partnerunterk\u00fcnfte gefallen. Ich und mein Team sind jederzeit f\u00fcr Euch erreichbar und ich freue mich, wenn Ihr Fragen oder Anregungen haben solltet.<\/p>\n<p><picture><source srcset=\"https:\/\/www.thelittlevoyager.com\/wp-content\/webp-express\/webp-images\/uploads\/2023\/12\/unterschrift-aka-ilonka_blau.jpg.webp\" type=\"image\/webp\"><img loading=\"lazy\" decoding=\"async\" class=\"alignnone wp-image-17652 webpexpress-processed\" src=\"https:\/\/www.thelittlevoyager.com\/wp-content\/uploads\/2023\/12\/unterschrift-aka-ilonka_blau.jpg\" alt=\"\" width=\"137\" height=\"59\"><\/picture><\/p>\n<p><b>Ilonka Sch\u00e4fer<\/b>[\/vc_column_text][\/vc_column_inner][vc_column_inner width=&#8220;2\/5&#8243;][vc_single_image image=&#8220;18837&#8243; img_size=&#8220;medium&#8220; alignment=&#8220;right&#8220; css=&#8220;&#8220;][\/vc_column_inner][\/vc_row_inner][\/vc_column][\/vc_row][vc_row css=&#8220;.vc_custom_1714660034429{padding-top: 80px !important;padding-right: 30px !important;padding-bottom: 80px !important;padding-left: 30px !important;background-image: url(https:\/\/www.thelittlevoyager.com\/wp-content\/uploads\/2024\/05\/winter-wonderland.jpg?id=18606) !important;background-position: center !important;background-repeat: no-repeat !important;background-size: cover !important;}&#8220;][vc_column][vc_custom_heading text=&#8220;Um als Partner Unterkunft von The Little Voyager aufgenommen zu werden, muss diese als Kriterium nicht nur den j\u00fcngeren Familienmitgliedern, sondern immer auch den Erwachsenen gefallen. Ich suche nach Unterk\u00fcnften, die viel Charakter und Stil haben und gleichzeitig auch alles anbieten, was Familien auf ihrer Reise ben\u00f6tigen.&#8220; font_container=&#8220;tag:p|font_size:18px|text_align:center|color:%2339597c&#8220; use_theme_fonts=&#8220;yes&#8220; css=&#8220;&#8220; el_class=&#8220;literata&#8220;][\/vc_column][\/vc_row][vc_row css=&#8220;.vc_custom_1714664091663{padding-right: 30px !important;padding-left: 30px !important;background-color: #ffffff !important;}&#8220;][vc_column][vc_row_inner][vc_column_inner][vc_custom_heading text=&#8220;Was wir anbieten&#8220; use_theme_fonts=&#8220;yes&#8220; css=&#8220;&#8220;][vc_column_text css=&#8220;&#8220;]The Little Voyager hat ein\u00a0Angebot von Hotels, privaten\u00a0Villen und Appartements zusammengestellt, die sich perfekt f\u00fcr (junge) Familien eignen. Ganz gleich, ob Ihr den Luxus eines gro\u00dfen Hotels oder die Gem\u00fctlichkeit eines Bauernhofes bevorzugt \u2013 unsere Unterk\u00fcnfte sind f\u00fcr Familien konzipiert. Mit einer Auswahl von Ferienwohnungen in Gro\u00dfst\u00e4dten bis hin zu Unterk\u00fcnften in der Natur\u00a0hat The Little Voyager f\u00fcr jeden etwas zu bieten.[\/vc_column_text][\/vc_column_inner][\/vc_row_inner][vc_row_inner][vc_column_inner width=&#8220;1\/4&#8243;][vc_single_image image=&#8220;18224&#8243; alignment=&#8220;center&#8220; onclick=&#8220;custom_link&#8220; css=&#8220;&#8220; link=&#8220;https:\/\/www.thelittlevoyager.com\/de\/unterkuenfte\/&#8220;][vc_btn title=&#8220;Unsere Unterk\u00fcnfte&#8220; style=&#8220;custom&#8220; custom_background=&#8220;#f802af&#8220; custom_text=&#8220;#ffffff&#8220; shape=&#8220;square&#8220; align=&#8220;center&#8220; css=&#8220;&#8220; el_class=&#8220;pink&#8220; link=&#8220;url:https%3A%2F%2Fwww.thelittlevoyager.com%2Fde%2Funterkuenfte%2F|title:Unsere%20Unterk%C3%BCnfte&#8220;][\/vc_column_inner][vc_column_inner width=&#8220;1\/4&#8243;][vc_single_image image=&#8220;18228&#8243; alignment=&#8220;center&#8220; onclick=&#8220;custom_link&#8220; css=&#8220;&#8220; link=&#8220;https:\/\/www.thelittlevoyager.com\/de\/urlaubsideen\/&#8220;][vc_btn title=&#8220;Urlaubsideen&#8220; style=&#8220;custom&#8220; custom_background=&#8220;#f802af&#8220; custom_text=&#8220;#ffffff&#8220; shape=&#8220;square&#8220; align=&#8220;center&#8220; css=&#8220;&#8220; link=&#8220;url:https%3A%2F%2Fwww.thelittlevoyager.com%2Fde%2Furlaubsideen%2F|title:Urlaubsideen&#8220; el_class=&#8220;pink&#8220;][\/vc_column_inner][vc_column_inner width=&#8220;1\/4&#8243;][vc_single_image image=&#8220;18238&#8243; alignment=&#8220;center&#8220; onclick=&#8220;custom_link&#8220; css=&#8220;&#8220; link=&#8220;https:\/\/www.thelittlevoyager.com\/de\/schoene-reiseziele\/&#8220;][vc_btn title=&#8220;Ferienziele&#8220; style=&#8220;custom&#8220; custom_background=&#8220;#f802af&#8220; custom_text=&#8220;#ffffff&#8220; shape=&#8220;square&#8220; align=&#8220;center&#8220; css=&#8220;&#8220; link=&#8220;url:https%3A%2F%2Fwww.thelittlevoyager.com%2Fde%2Fschoene-reiseziele%2F|title:Sch%C3%B6ne%20Reiseziele&#8220; el_class=&#8220;pink&#8220;][\/vc_column_inner][vc_column_inner width=&#8220;1\/4&#8243;][vc_single_image image=&#8220;18241&#8243; alignment=&#8220;center&#8220; onclick=&#8220;custom_link&#8220; css=&#8220;&#8220; link=&#8220;https:\/\/www.thelittlevoyager.com\/de\/momcations\/&#8220;][vc_btn title=&#8220;Momcations&#8220; style=&#8220;custom&#8220; custom_background=&#8220;#f802af&#8220; custom_text=&#8220;#ffffff&#8220; shape=&#8220;square&#8220; align=&#8220;center&#8220; css=&#8220;&#8220; link=&#8220;url:https%3A%2F%2Fwww.thelittlevoyager.com%2Fde%2Fmomcations%2F|title:Momcations&#8220; el_class=&#8220;pink&#8220;][\/vc_column_inner][\/vc_row_inner][\/vc_column][\/vc_row][vc_row css=&#8220;.vc_custom_1714664104356{padding-right: 30px !important;padding-left: 30px !important;background-color: #ffffff !important;}&#8220;][vc_column][vc_row_inner equal_height=&#8220;yes&#8220; content_placement=&#8220;top&#8220;][vc_column_inner width=&#8220;2\/3&#8243;][vc_custom_heading text=&#8220;Unsere Standards&#8220; use_theme_fonts=&#8220;yes&#8220; css=&#8220;&#8220;][vc_column_text css=&#8220;&#8220;]Wir w\u00e4hlen jede einzelne unserer Unterk\u00fcnfte sorgf\u00e4ltig aus und besichtigen oder testen diese, bevor sie dann auf unserer Website aufgef\u00fchrt sind.<\/p>\n<p>Unsere Partnerunterk\u00fcnfte haben viel Charakter und Stil und sind speziell f\u00fcr Familien eingerichtet. Das bedeutet, dass es keine versteckten Gefahren f\u00fcr die kleinen G\u00e4ste gibt und die Unterk\u00fcnfte zum Beispiel Treppengitter und Pool Z\u00e4une angebracht haben, wo es notwendig ist. Au\u00dferdem kann man immer auf eine gute Auswahl an Babyausstattung (T\u00f6pfchen, Hochst\u00fchle, Kinderbetten, Spielzeug etc.) zur\u00fcckgreifen, damit die Familien nicht den halben Haushalt einpacken m\u00fcssen, um zu verreisen.<\/p>\n<p>Besucht gern unseren FAQ-Bereich, um mehr dar\u00fcber zu erfahren, was wir anbieten.[\/vc_column_text][vc_btn title=&#8220;zu unseren FAQs&#8220; style=&#8220;custom&#8220; custom_background=&#8220;#f802af&#8220; custom_text=&#8220;#ffffff&#8220; shape=&#8220;square&#8220; align=&#8220;left&#8220; css=&#8220;&#8220; link=&#8220;url:https%3A%2F%2Fwww.thelittlevoyager.com%2Fde%2Fueber-die-little-voyager-familie%2Fhaeufig-gestellte-fragen%2F|title:H%C3%A4ufig%20gestellte%20Fragen&#8220; el_class=&#8220;pink&#8220;][\/vc_column_inner][vc_column_inner width=&#8220;1\/3&#8243;][vc_single_image image=&#8220;18256&#8243; alignment=&#8220;center&#8220; css=&#8220;.vc_custom_1710179055370{margin-top: 2rem !important;}&#8220;][\/vc_column_inner][\/vc_row_inner][\/vc_column][\/vc_row][vc_row css=&#8220;.vc_custom_1714664115096{padding-right: 30px !important;padding-left: 30px !important;background-color: #ffffff !important;}&#8220;][vc_column][vc_row_inner][vc_column_inner][vc_custom_heading text=&#8220;Unser Team&#8220; use_theme_fonts=&#8220;yes&#8220; css=&#8220;&#8220;][vc_column_text css=&#8220;&#8220;]Wir sind sehr stolz auf die Little Voyager Familie, die von Ilonka gegr\u00fcndet wurde. Das Team hinter der Website und dem Unternehmen ist stetig am Wachsen.[\/vc_column_text][\/vc_column_inner][\/vc_row_inner][vc_row_inner][vc_column_inner width=&#8220;1\/6&#8243;][\/vc_column_inner][vc_column_inner width=&#8220;1\/3&#8243; css=&#8220;.vc_custom_1710868864514{padding-right: 30px !important;padding-left: 30px !important;}&#8220;][vc_single_image image=&#8220;20125&#8243; img_size=&#8220;full&#8220; alignment=&#8220;center&#8220; style=&#8220;vc_box_circle_2&#8243; css=&#8220;&#8220;][vc_custom_heading text=&#8220;Ilonka Sch\u00e4fer&#8220; font_container=&#8220;tag:h3|text_align:center&#8220; use_theme_fonts=&#8220;yes&#8220;][vc_column_text css=&#8220;&#8220;]<\/p>\n<p style=\"text-align: center;\"><strong>Gr\u00fcnderin<\/strong><\/p>\n<p style=\"text-align: center;\">Ilonka ist die treibende Kraft hinter The Little Voyager. Sie hat zwei Kinder, die sie auf ihren Reisen begleiten und die besten &#8222;Tester&#8220; sind. The Little Voyager ist ihr Herzensprojekt. Sie liebt den pers\u00f6nlichen Kundenkontakt und freut sich jedes Mal, wenn eine Familie einen erholsamen und sch\u00f6nen Urlaub verbracht hat.<\/p>\n<p>[\/vc_column_text][\/vc_column_inner][vc_column_inner width=&#8220;1\/3&#8243; css=&#8220;.vc_custom_1710868842135{padding-right: 30px !important;padding-left: 30px !important;}&#8220;][vc_single_image image=&#8220;20137&#8243; img_size=&#8220;full&#8220; alignment=&#8220;center&#8220; style=&#8220;vc_box_circle_2&#8243; css=&#8220;&#8220;][vc_custom_heading text=&#8220;Sandra Theumann&#8220; font_container=&#8220;tag:h3|text_align:center&#8220; use_theme_fonts=&#8220;yes&#8220;][vc_column_text css=&#8220;&#8220;]<\/p>\n<p style=\"text-align: center;\"><strong>Reise-Designerin<\/strong><\/p>\n<p style=\"text-align: center;\">Mit ihrer langj\u00e4hrigen Erfahrung ist Sandra von unsch\u00e4tzbarem Wert, wenn es darum geht, Kundenw\u00fcnsche wahr werden zu lassen. Manchmal scheint es, dass keine Aufgabe zu gro\u00df ist, w\u00e4hrend Sandra das eigene Familienleben mit Ehemann Arne und ihren 2 Kindern neben ihrer Arbeit mit The Little Voyager jongliert.<\/p>\n<p>[\/vc_column_text][\/vc_column_inner][vc_column_inner width=&#8220;1\/6&#8243;][\/vc_column_inner][\/vc_row_inner][vc_row_inner][vc_column_inner][vc_btn title=&#8220;Kontaktiert uns&#8220; style=&#8220;custom&#8220; custom_background=&#8220;#f802af&#8220; custom_text=&#8220;#ffffff&#8220; shape=&#8220;square&#8220; align=&#8220;center&#8220; css=&#8220;&#8220; el_class=&#8220;pink&#8220; link=&#8220;url:%2Fde%2Fueber-die-little-voyager-familie%2Fkontakt%2F|title:Anfragen%20%E2%80%93%20kontaktieren%20Sie%20uns&#8220;][\/vc_column_inner][\/vc_row_inner][\/vc_column][\/vc_row]<\/p>\n<\/div>","protected":false},"excerpt":{"rendered":"<p>[vc_row css=&#8220;.vc_custom_1718965891103{margin-top: 30px !important;padding-right: 30px !important;padding-left: 30px !important;background-color: #f802af !important;}&#8220;][vc_column][vc_column_text css=&#8220;&#8220; el_class=&#8220;heading&#8220;] \u00dcber The Little Voyager [\/vc_column_text][\/vc_column][\/vc_row][vc_row css=&#8220;.vc_custom_1714657573670{padding-right: 30px !important;padding-left: 30px !important;background-color: #ffffff !important;}&#8220;][vc_column][vc_row_inner][vc_column_inner][vc_custom_heading text=&#8220;Wir suchen immer nach sch\u00f6nen Orten, die den Urlaub mit Kindern so angenehm und entspannt wie m\u00f6glich gestalten f\u00fcr alle Familienmitglieder. Unser Service ist kostenfrei und alle unsere Unterk\u00fcnfte werden von [&hellip;]<\/p>\n","protected":false},"author":10,"featured_media":0,"parent":0,"menu_order":5,"comment_status":"closed","ping_status":"closed","template":"page-blank.php","meta":{"_lmt_disableupdate":"no","_lmt_disable":"","footnotes":""},"class_list":["post-2465","page","type-page","status-publish","hentry"],"yoast_head":"<!-- This site is optimized with the Yoast SEO plugin v27.4 - https:\/\/yoast.com\/product\/yoast-seo-wordpress\/ -->\n<title>Find Out About The Little Voyager Family - The Little Voyager<\/title>\n<meta name=\"description\" content=\"Find out about The Little Voyager Family, offering some of the most popular Child-Friendly Holiday Services and perfect holiday escapes\" \/>\n<meta name=\"robots\" content=\"index, follow, max-snippet:-1, max-image-preview:large, max-video-preview:-1\" \/>\n<link rel=\"canonical\" href=\"https:\/\/www.thelittlevoyager.com\/de\/ueber-die-little-voyager-familie\/\" \/>\n<meta property=\"og:locale\" content=\"de_DE\" \/>\n<meta property=\"og:type\" content=\"article\" \/>\n<meta property=\"og:title\" content=\"Find Out About The Little Voyager Family - The Little Voyager\" \/>\n<meta property=\"og:description\" content=\"Find out about The Little Voyager Family, offering one of the most popular Child Friendly Holiday Services, providing the perfect holiday escapes in Europe\" \/>\n<meta property=\"og:url\" content=\"https:\/\/www.thelittlevoyager.com\/de\/ueber-die-little-voyager-familie\/\" \/>\n<meta property=\"og:site_name\" content=\"The Little Voyager\" \/>\n<meta property=\"article:publisher\" content=\"https:\/\/www.facebook.com\/TheLittleVoyager1\" \/>\n<meta property=\"article:modified_time\" content=\"2024-09-26T12:44:25+00:00\" \/>\n<meta property=\"og:image\" content=\"https:\/\/www.thelittlevoyager.com\/wp-content\/uploads\/2021\/08\/the-little-voyager-family.jpg\" \/>\n\t<meta property=\"og:image:width\" content=\"850\" \/>\n\t<meta property=\"og:image:height\" content=\"530\" \/>\n\t<meta property=\"og:image:type\" content=\"image\/jpeg\" \/>\n<meta name=\"twitter:card\" content=\"summary_large_image\" \/>\n<meta name=\"twitter:title\" content=\"Find Out About The Little Voyager Family - The Little Voyager\" \/>\n<meta name=\"twitter:description\" content=\"Find out about The Little Voyager Family, offering one of the most popular Child Friendly Holiday Services, providing the perfect holiday escapes in Europe\" \/>\n<meta name=\"twitter:image\" content=\"https:\/\/www.thelittlevoyager.com\/wp-content\/uploads\/2021\/08\/the-little-voyager-family.jpg\" \/>\n<meta name=\"twitter:site\" content=\"@escapeswithkids\" \/>\n<meta name=\"twitter:label1\" content=\"Gesch\u00e4tzte Lesezeit\" \/>\n\t<meta name=\"twitter:data1\" content=\"5\u00a0Minuten\" \/>\n<script type=\"application\/ld+json\" class=\"yoast-schema-graph\">{\"@context\":\"https:\\\/\\\/schema.org\",\"@graph\":[{\"@type\":\"WebPage\",\"@id\":\"https:\\\/\\\/www.thelittlevoyager.com\\\/de\\\/ueber-die-little-voyager-familie\\\/\",\"url\":\"https:\\\/\\\/www.thelittlevoyager.com\\\/de\\\/ueber-die-little-voyager-familie\\\/\",\"name\":\"Find Out About The Little Voyager Family - The Little Voyager\",\"isPartOf\":{\"@id\":\"https:\\\/\\\/www.thelittlevoyager.com\\\/de\\\/#website\"},\"primaryImageOfPage\":{\"@id\":\"https:\\\/\\\/www.thelittlevoyager.com\\\/de\\\/ueber-die-little-voyager-familie\\\/#primaryimage\"},\"image\":{\"@id\":\"https:\\\/\\\/www.thelittlevoyager.com\\\/de\\\/ueber-die-little-voyager-familie\\\/#primaryimage\"},\"thumbnailUrl\":\"https:\\\/\\\/www.thelittlevoyager.com\\\/wp-content\\\/uploads\\\/2023\\\/12\\\/unterschrift-aka-ilonka_blau.jpg\",\"datePublished\":\"2017-03-30T17:27:17+00:00\",\"dateModified\":\"2024-09-26T12:44:25+00:00\",\"description\":\"Find out about The Little Voyager Family, offering some of the most popular Child-Friendly Holiday Services and perfect holiday escapes\",\"breadcrumb\":{\"@id\":\"https:\\\/\\\/www.thelittlevoyager.com\\\/de\\\/ueber-die-little-voyager-familie\\\/#breadcrumb\"},\"inLanguage\":\"de\",\"potentialAction\":[{\"@type\":\"ReadAction\",\"target\":[\"https:\\\/\\\/www.thelittlevoyager.com\\\/de\\\/ueber-die-little-voyager-familie\\\/\"]}]},{\"@type\":\"ImageObject\",\"inLanguage\":\"de\",\"@id\":\"https:\\\/\\\/www.thelittlevoyager.com\\\/de\\\/ueber-die-little-voyager-familie\\\/#primaryimage\",\"url\":\"https:\\\/\\\/www.thelittlevoyager.com\\\/wp-content\\\/uploads\\\/2023\\\/12\\\/unterschrift-aka-ilonka_blau.jpg\",\"contentUrl\":\"https:\\\/\\\/www.thelittlevoyager.com\\\/wp-content\\\/uploads\\\/2023\\\/12\\\/unterschrift-aka-ilonka_blau.jpg\"},{\"@type\":\"BreadcrumbList\",\"@id\":\"https:\\\/\\\/www.thelittlevoyager.com\\\/de\\\/ueber-die-little-voyager-familie\\\/#breadcrumb\",\"itemListElement\":[{\"@type\":\"ListItem\",\"position\":1,\"name\":\"Home\",\"item\":\"https:\\\/\\\/www.thelittlevoyager.com\\\/de\\\/\"},{\"@type\":\"ListItem\",\"position\":2,\"name\":\"\u00dcber The Little Voyager\"}]},{\"@type\":\"WebSite\",\"@id\":\"https:\\\/\\\/www.thelittlevoyager.com\\\/de\\\/#website\",\"url\":\"https:\\\/\\\/www.thelittlevoyager.com\\\/de\\\/\",\"name\":\"The Little Voyager\",\"description\":\"Child-friendly rentals\",\"publisher\":{\"@id\":\"https:\\\/\\\/www.thelittlevoyager.com\\\/de\\\/#organization\"},\"potentialAction\":[{\"@type\":\"SearchAction\",\"target\":{\"@type\":\"EntryPoint\",\"urlTemplate\":\"https:\\\/\\\/www.thelittlevoyager.com\\\/de\\\/?s={search_term_string}\"},\"query-input\":{\"@type\":\"PropertyValueSpecification\",\"valueRequired\":true,\"valueName\":\"search_term_string\"}}],\"inLanguage\":\"de\"},{\"@type\":\"Organization\",\"@id\":\"https:\\\/\\\/www.thelittlevoyager.com\\\/de\\\/#organization\",\"name\":\"The Little Voyager\",\"url\":\"https:\\\/\\\/www.thelittlevoyager.com\\\/de\\\/\",\"logo\":{\"@type\":\"ImageObject\",\"inLanguage\":\"de\",\"@id\":\"https:\\\/\\\/www.thelittlevoyager.com\\\/de\\\/#\\\/schema\\\/logo\\\/image\\\/\",\"url\":\"https:\\\/\\\/www.thelittlevoyager.com\\\/wp-content\\\/uploads\\\/2017\\\/07\\\/thelittlevoyager-logo-darkblue.png\",\"contentUrl\":\"https:\\\/\\\/www.thelittlevoyager.com\\\/wp-content\\\/uploads\\\/2017\\\/07\\\/thelittlevoyager-logo-darkblue.png\",\"width\":400,\"height\":121,\"caption\":\"The Little Voyager\"},\"image\":{\"@id\":\"https:\\\/\\\/www.thelittlevoyager.com\\\/de\\\/#\\\/schema\\\/logo\\\/image\\\/\"},\"sameAs\":[\"https:\\\/\\\/www.facebook.com\\\/TheLittleVoyager1\",\"https:\\\/\\\/x.com\\\/escapeswithkids\",\"https:\\\/\\\/instagram.com\\\/the.little.voyager\"]}]}<\/script>\n<!-- \/ Yoast SEO plugin. -->","yoast_head_json":{"title":"Find Out About The Little Voyager Family - The Little Voyager","description":"Find out about The Little Voyager Family, offering some of the most popular Child-Friendly Holiday Services and perfect holiday escapes","robots":{"index":"index","follow":"follow","max-snippet":"max-snippet:-1","max-image-preview":"max-image-preview:large","max-video-preview":"max-video-preview:-1"},"canonical":"https:\/\/www.thelittlevoyager.com\/de\/ueber-die-little-voyager-familie\/","og_locale":"de_DE","og_type":"article","og_title":"Find Out About The Little Voyager Family - The Little Voyager","og_description":"Find out about The Little Voyager Family, offering one of the most popular Child Friendly Holiday Services, providing the perfect holiday escapes in Europe","og_url":"https:\/\/www.thelittlevoyager.com\/de\/ueber-die-little-voyager-familie\/","og_site_name":"The Little Voyager","article_publisher":"https:\/\/www.facebook.com\/TheLittleVoyager1","article_modified_time":"2024-09-26T12:44:25+00:00","og_image":[{"width":850,"height":530,"url":"https:\/\/www.thelittlevoyager.com\/wp-content\/uploads\/2021\/08\/the-little-voyager-family.jpg","type":"image\/jpeg"}],"twitter_card":"summary_large_image","twitter_title":"Find Out About The Little Voyager Family - The Little Voyager","twitter_description":"Find out about The Little Voyager Family, offering one of the most popular Child Friendly Holiday Services, providing the perfect holiday escapes in Europe","twitter_image":"https:\/\/www.thelittlevoyager.com\/wp-content\/uploads\/2021\/08\/the-little-voyager-family.jpg","twitter_site":"@escapeswithkids","twitter_misc":{"Gesch\u00e4tzte Lesezeit":"5\u00a0Minuten"},"schema":{"@context":"https:\/\/schema.org","@graph":[{"@type":"WebPage","@id":"https:\/\/www.thelittlevoyager.com\/de\/ueber-die-little-voyager-familie\/","url":"https:\/\/www.thelittlevoyager.com\/de\/ueber-die-little-voyager-familie\/","name":"Find Out About The Little Voyager Family - The Little Voyager","isPartOf":{"@id":"https:\/\/www.thelittlevoyager.com\/de\/#website"},"primaryImageOfPage":{"@id":"https:\/\/www.thelittlevoyager.com\/de\/ueber-die-little-voyager-familie\/#primaryimage"},"image":{"@id":"https:\/\/www.thelittlevoyager.com\/de\/ueber-die-little-voyager-familie\/#primaryimage"},"thumbnailUrl":"https:\/\/www.thelittlevoyager.com\/wp-content\/uploads\/2023\/12\/unterschrift-aka-ilonka_blau.jpg","datePublished":"2017-03-30T17:27:17+00:00","dateModified":"2024-09-26T12:44:25+00:00","description":"Find out about The Little Voyager Family, offering some of the most popular Child-Friendly Holiday Services and perfect holiday escapes","breadcrumb":{"@id":"https:\/\/www.thelittlevoyager.com\/de\/ueber-die-little-voyager-familie\/#breadcrumb"},"inLanguage":"de","potentialAction":[{"@type":"ReadAction","target":["https:\/\/www.thelittlevoyager.com\/de\/ueber-die-little-voyager-familie\/"]}]},{"@type":"ImageObject","inLanguage":"de","@id":"https:\/\/www.thelittlevoyager.com\/de\/ueber-die-little-voyager-familie\/#primaryimage","url":"https:\/\/www.thelittlevoyager.com\/wp-content\/uploads\/2023\/12\/unterschrift-aka-ilonka_blau.jpg","contentUrl":"https:\/\/www.thelittlevoyager.com\/wp-content\/uploads\/2023\/12\/unterschrift-aka-ilonka_blau.jpg"},{"@type":"BreadcrumbList","@id":"https:\/\/www.thelittlevoyager.com\/de\/ueber-die-little-voyager-familie\/#breadcrumb","itemListElement":[{"@type":"ListItem","position":1,"name":"Home","item":"https:\/\/www.thelittlevoyager.com\/de\/"},{"@type":"ListItem","position":2,"name":"\u00dcber The Little Voyager"}]},{"@type":"WebSite","@id":"https:\/\/www.thelittlevoyager.com\/de\/#website","url":"https:\/\/www.thelittlevoyager.com\/de\/","name":"The Little Voyager","description":"Child-friendly rentals","publisher":{"@id":"https:\/\/www.thelittlevoyager.com\/de\/#organization"},"potentialAction":[{"@type":"SearchAction","target":{"@type":"EntryPoint","urlTemplate":"https:\/\/www.thelittlevoyager.com\/de\/?s={search_term_string}"},"query-input":{"@type":"PropertyValueSpecification","valueRequired":true,"valueName":"search_term_string"}}],"inLanguage":"de"},{"@type":"Organization","@id":"https:\/\/www.thelittlevoyager.com\/de\/#organization","name":"The Little Voyager","url":"https:\/\/www.thelittlevoyager.com\/de\/","logo":{"@type":"ImageObject","inLanguage":"de","@id":"https:\/\/www.thelittlevoyager.com\/de\/#\/schema\/logo\/image\/","url":"https:\/\/www.thelittlevoyager.com\/wp-content\/uploads\/2017\/07\/thelittlevoyager-logo-darkblue.png","contentUrl":"https:\/\/www.thelittlevoyager.com\/wp-content\/uploads\/2017\/07\/thelittlevoyager-logo-darkblue.png","width":400,"height":121,"caption":"The Little Voyager"},"image":{"@id":"https:\/\/www.thelittlevoyager.com\/de\/#\/schema\/logo\/image\/"},"sameAs":["https:\/\/www.facebook.com\/TheLittleVoyager1","https:\/\/x.com\/escapeswithkids","https:\/\/instagram.com\/the.little.voyager"]}]}},"_links":{"self":[{"href":"https:\/\/www.thelittlevoyager.com\/de\/wp-json\/wp\/v2\/pages\/2465","targetHints":{"allow":["GET"]}}],"collection":[{"href":"https:\/\/www.thelittlevoyager.com\/de\/wp-json\/wp\/v2\/pages"}],"about":[{"href":"https:\/\/www.thelittlevoyager.com\/de\/wp-json\/wp\/v2\/types\/page"}],"author":[{"embeddable":true,"href":"https:\/\/www.thelittlevoyager.com\/de\/wp-json\/wp\/v2\/users\/10"}],"replies":[{"embeddable":true,"href":"https:\/\/www.thelittlevoyager.com\/de\/wp-json\/wp\/v2\/comments?post=2465"}],"version-history":[{"count":10,"href":"https:\/\/www.thelittlevoyager.com\/de\/wp-json\/wp\/v2\/pages\/2465\/revisions"}],"predecessor-version":[{"id":20148,"href":"https:\/\/www.thelittlevoyager.com\/de\/wp-json\/wp\/v2\/pages\/2465\/revisions\/20148"}],"wp:attachment":[{"href":"https:\/\/www.thelittlevoyager.com\/de\/wp-json\/wp\/v2\/media?parent=2465"}],"curies":[{"name":"wp","href":"https:\/\/api.w.org\/{rel}","templated":true}]}}