{"id":4445,"date":"2017-03-31T18:33:07","date_gmt":"2017-03-31T18:33:07","guid":{"rendered":"https:\/\/www.thelittlevoyager.com\/?page_id=4445"},"modified":"2024-06-21T10:26:50","modified_gmt":"2024-06-21T10:26:50","slug":"agb","status":"publish","type":"page","link":"https:\/\/www.thelittlevoyager.com\/de\/ueber-die-little-voyager-familie\/agb\/","title":{"rendered":"AGB"},"content":{"rendered":"<div class=\"wpb-content-wrapper\"><p>[vc_row css=&#8220;.vc_custom_1718965603396{margin-top: 30px !important;padding-right: 30px !important;padding-left: 30px !important;background-color: #f802af !important;}&#8220;][vc_column][vc_column_text css=&#8220;.vc_custom_1718965581829{background-color: #f802af !important;}&#8220; el_class=&#8220;heading&#8220;]<\/p>\n<h1>Allgemeine <strong>Geschaftsbedinggungen<\/strong><\/h1>\n<p>[\/vc_column_text][\/vc_column][\/vc_row][vc_row css=&#8220;.vc_custom_1714664929706{padding-right: 30px !important;padding-left: 30px !important;background-color: #ffffff !important;}&#8220;][vc_column][vc_custom_heading text=&#8220;Allgemeine Nutzungsbedingungen&#8220; use_theme_fonts=&#8220;yes&#8220;][vc_column_text css=&#8220;.vc_custom_1714754488962{background-color: #ffffff !important;}&#8220;]<\/p>\n<p class=\"p5\"><span class=\"s1\">Einhaltung der Nutzungsbedingungen<br \/>\nDer Abschluss einer Reservierungsvereinbarung im Rahmen dieser Vereinbarung setzt die vollst\u00e4ndige Einhaltung aller vorliegenden Allgemeinen Gesch\u00e4ftsbedingungen voraus.<\/span><\/p>\n<p class=\"p3\"><span class=\"s1\"><b>Definitionen<\/b><\/span><\/p>\n<p class=\"p5\"><span class=\"s1\">Die \u201eThe Little Voyager, S.L.\u201c (nachfolgend \u201eTLV\u201c genannt) agiert als Vermittler f\u00fcr Reisevereinbarungen zwischen dem Kunden (Privatperson) und dem Partneranbieter (Eigent\u00fcmer des Hotels, des Apartments, der Selbstversorgerunterkunft usw.).<\/span><\/p>\n<p class=\"p5\"><span class=\"s2\">T<\/span><span class=\"s1\">LV hilft Reisenden bei der Suche und Reservierung von Ferienunterk\u00fcnften. Die Partneranbieter von LV bieten familien- und kinderorientierte Einrichtungen, Dienstleistungen, Annehmlichkeiten und Aktivit\u00e4ten an.\u00a0<\/span><\/p>\n<p class=\"p5\"><span class=\"s1\">Von der Informationsbeschaffung bez\u00fcglich der gew\u00fcnschten Ferienwohnung bis zum Zeitpunkt der Best\u00e4tigung der rechtsverbindlichen Reservierung durch den Partneranbieter der Reisedienstleistung wird der Kunde alleinig mit LV in Kontakt sein.<\/span><\/p>\n<p class=\"p5\"><span class=\"s1\">Sobald die verbindliche Reservierung best\u00e4tigt wurde, besteht das Vertragsverh\u00e4ltnis zwischen dem Kunden und dem Partneranbieter. Es wird durch die besonderen Vermietungs-, R\u00fcckerstattungs- und Stornierungsrichtlinien des Partneranbieters und die entsprechenden gesetzlichen Bestimmungen seines Landes geregelt.<\/span><\/p>\n<p class=\"p5\"><span class=\"s1\">Die folgenden Gesch\u00e4ftsbedingungen finden w\u00e4hrend der Vermittlungsleistungen durch TLV insoweit Anwendung, als dass sie nicht den von ihren Partneranbietern festgelegten Gesch\u00e4ftsbedingungen und Konditionen widersprechen. Bitte beachten Sie immer die Allgemeinen Gesch\u00e4ftsbedingungen der Partneranbieter.<\/span><\/p>\n<p class=\"p3\"><span class=\"s1\"><b>Reservierung<\/b><\/span><\/p>\n<p class=\"p5\"><span class=\"s1\">Die Website von TLV bietet Informationen zu Urlaubsunterk\u00fcnften, allgemeine Informationen wie Preise, Saisonzeiten, Zahlungs- und Stornierungsbedingungen sowie eine detaillierte Beschreibung der Einrichtungen, der Aktivit\u00e4ten f\u00fcr Kinder und Erwachsene und der Umgebung inklusive einer Auswahl an Fotos einer jeden Unterkunft.<\/span><\/p>\n<p class=\"p5\"><span class=\"s1\">Spezielle Suchfilter helfen dem Kunden, die f\u00fcr ihn und seine Familie am besten geeignete Unterkunft zu finden. Reiseanfragen stellt der Kunde, indem er das Online-Anfrageformular an die E-Mail-Adresse\u00a0<a href=\"mailto:ilonka@thelittlevoyager.com?subject=\"><span class=\"s3\">ilonka@thelittlevoyager.com<\/span><\/a>\u00a0sendet und dabei personenbezogene Daten wie Name, Heimatland, Telefonnummer und E-Mail-Adresse sowie den gew\u00fcnschten Reisezeitraum, das Reiseziel und die Anzahl der Reisenden angibt.<\/span><\/p>\n<p class=\"p5\"><span class=\"s1\">Nachdem die unverbindliche<\/span>\u00a0<span class=\"s1\">Anfrage des Kunden an LV \u00fcbermittelt und ihr Eingang dem Kunden best\u00e4tigt wurde, pr\u00fcft TLV die Verf\u00fcgbarkeit beim entsprechenden Partneranbieter.<\/span><\/p>\n<p class=\"p5\"><span class=\"s1\">Sollte die gew\u00fcnschte Unterkunft zum gew\u00fcnschten Zeitraum verf\u00fcgbar sein, wird der Kunde via E-Mail oder Telefon entsprechend informiert und um eine verbindliche Best\u00e4tigung seiner Reiseanfrage gebeten.<\/span><\/p>\n<p class=\"p7\"><span class=\"s5\">Die verbindliche Best\u00e4tigung seiner Reiseanfrage muss der Kunde dann per E-Mail an\u00a0<\/span><span class=\"s6\">ilonka<\/span><span class=\"s5\">@<span class=\"s7\">thelittlevoyager.com<\/span>\u00a0schicken<\/span><span class=\"s1\">\u00a0und TLV wird diese an den entsprechenden Partneranbieter weiterleiten.<\/span><\/p>\n<p class=\"p5\"><span class=\"s1\">Erst wenn die verbindliche Reservierungsanfrage des Kunden verbindlich vom Partneranbieter\u00a0<\/span><span class=\"s5\">dem Kunden<\/span><span class=\"s1\">\u00a0direkt best\u00e4tigt wurde, ist der Vertrag rechtswirksam zustande gekommen. Ab diesem Zeitpunkt wird jede weitere Korrespondenz direkt zwischen dem Kunden und dem Partneranbieter mit TLV in cc gef\u00fchrt.<\/span><\/p>\n<p class=\"p5\"><span class=\"s1\">Eingabefehler kann der Nutzer vor der Anmeldung jederzeit mit der L\u00f6schtaste berichtigen. Den Anmeldeprozess kann der Nutzer jederzeit durch Schlie\u00dfen des Browser-Fensters komplett beenden.<\/span><\/p>\n<p class=\"p5\"><span class=\"s1\">Der von TLV per Email verschickten Best\u00e4tigung des Eingangs der Anfrage kann der Nutzer vor bzw. bei Vertragsschluss die Vertragsbestimmungen entnehmen und speichern. Die dazugeh\u00f6rigen AGB von TLV sind vor und bei Vertragsschluss unter dem Link der TLV-AGB abruf- und in wiedergabef\u00e4higer Form speicherbar. Der Vertragstext wird nach dem Vertragsschluss von TLV nicht gesondert gespeichert und ist somit nach Vertragsschluss f\u00fcr den Nutzer bei TLV nicht mehr zug\u00e4nglich bzw. abrufbar.<\/span><\/p>\n<p class=\"p5\"><span class=\"s1\">Erf\u00fcllungsort bei Vertr\u00e4gen mit Unternehmern ist f\u00fcr alle vertraglichen und gesetzlichen Anspr\u00fcche grunds\u00e4tzlich der Gesch\u00e4ftssitz von TLV in Alella (Spanien).<\/span><\/p>\n<p class=\"p5\"><span class=\"s1\">Die Vertrags- und Kommunikationssprache ist deutsch.<\/span><\/p>\n<p class=\"p3\"><span class=\"s1\"><b>Keine versteckten Geb\u00fchren oder Provisionen<\/b><\/span><\/p>\n<p class=\"p5\"><span class=\"s2\">T<\/span><span class=\"s1\">LV f\u00fcgt den Preisen der Partneranbieter keine Geb\u00fchren oder Provisionen hinzu, was bedeutet, dass der Kunde denselben Preis bezahlt wie bei einer Direktbuchung mit dem Partneranbieter.<\/span><\/p>\n<p class=\"p3\"><span class=\"s1\"><b>Zahlungsbedingungen<\/b><\/span><\/p>\n<p class=\"p5\"><span class=\"s1\">Die Zahlungsbedingungen, inklusive Vorauszahlungen und Kautionen, sind die vom jeweiligen Partneranbieter festgelegten und auf der Website von TLV ver\u00f6ffentlichten Bedingungen. Alle aus der Reservierung resultierenden Rechnungsbetr\u00e4ge, Kurtaxen, weiteren Dienstleistungen, Stornierungsgeb\u00fchren usw. sind an den Partneranbieter zu zahlen. TLV ist nicht verantwortlich f\u00fcr Anspr\u00fcche aus Zahlungsvorg\u00e4ngen zwischen Kunde und Partneranbieter.<\/span><\/p>\n<p class=\"p3\"><span class=\"s1\"><b>Partnerregeln und -einschr\u00e4nkungen<\/b><\/span><\/p>\n<p class=\"p5\"><span class=\"s1\">Auf vom Kunden ausgew\u00e4hlte reisebezogene Produkte und Dienstleistungen gelten abweichende Bedingungen. Diese Gesch\u00e4ftsbedingungen m\u00fcssen sorgf\u00e4ltig gelesen werden, da der Kunde an die\u00a0<\/span><span class=\"s5\">allgemeinen Gesch\u00e4ftsbedingungen (AGB)<\/span><span class=\"s1\">\u00a0eines Partneranbieters, mit dem er Gesch\u00e4fte t\u00e4tigt, gebunden ist. Dabei sind diese nicht auf die Zahlung aller Betr\u00e4ge bei F\u00e4lligkeit und die Einhaltung der Regeln und Einschr\u00e4nkungen des Partneranbieters hinsichtlich der Verf\u00fcgbarkeit und Nutzung von Produkten oder Dienstleistungen beschr\u00e4nkt. Der Kunde erkennt an, dass einige Ferienhausverwalter und Partneranbieter, die bestimmte Dienstleistungen und\/oder Aktivit\u00e4ten anbieten, von ihm verlangen k\u00f6nnen, dass er ihren Mietvertrag und\/oder Haftungsausschluss unterzeichnet, bevor er an der von ihnen angebotenen Dienstleistung und\/oder Aktivit\u00e4t teilnimmt. Dem Kunden ist bekannt, dass ein Versto\u00df gegen die Regeln und Einschr\u00e4nkungen eines Partneranbieters zur Stornierung seiner Reservierung(en) f\u00fchren kann.<\/span><\/p>\n<p class=\"p3\"><span class=\"s1\"><b>Stornierungen und R\u00fcckerstattungen<\/b><\/span><\/p>\n<p>[\/vc_column_text][\/vc_column][\/vc_row]<\/p>\n<\/div>","protected":false},"excerpt":{"rendered":"<p>[vc_row css=&#8220;.vc_custom_1718965603396{margin-top: 30px !important;padding-right: 30px !important;padding-left: 30px !important;background-color: #f802af !important;}&#8220;][vc_column][vc_column_text css=&#8220;.vc_custom_1718965581829{background-color: #f802af !important;}&#8220; el_class=&#8220;heading&#8220;] Allgemeine Geschaftsbedinggungen [\/vc_column_text][\/vc_column][\/vc_row][vc_row css=&#8220;.vc_custom_1714664929706{padding-right: 30px !important;padding-left: 30px !important;background-color: #ffffff !important;}&#8220;][vc_column][vc_custom_heading text=&#8220;Allgemeine Nutzungsbedingungen&#8220; use_theme_fonts=&#8220;yes&#8220;][vc_column_text css=&#8220;.vc_custom_1714754488962{background-color: #ffffff !important;}&#8220;] Einhaltung der Nutzungsbedingungen Der Abschluss einer Reservierungsvereinbarung im Rahmen dieser Vereinbarung setzt die vollst\u00e4ndige Einhaltung aller vorliegenden Allgemeinen Gesch\u00e4ftsbedingungen voraus. Definitionen Die \u201eThe Little Voyager, [&hellip;]<\/p>\n","protected":false},"author":10,"featured_media":0,"parent":2465,"menu_order":4,"comment_status":"closed","ping_status":"closed","template":"page-blank.php","meta":{"_lmt_disableupdate":"no","_lmt_disable":"","footnotes":""},"class_list":["post-4445","page","type-page","status-publish","hentry"],"yoast_head":"<!-- This site is optimized with the Yoast SEO plugin v27.4 - https:\/\/yoast.com\/product\/yoast-seo-wordpress\/ -->\n<title>Terms and Conditions - The Little Voyager<\/title>\n<meta name=\"description\" content=\"Terms and Conditions providing you all the information that you may need to know when booking one of our Child Friendly Holidays\" \/>\n<meta name=\"robots\" content=\"index, follow, max-snippet:-1, max-image-preview:large, max-video-preview:-1\" \/>\n<link rel=\"canonical\" href=\"https:\/\/www.thelittlevoyager.com\/de\/ueber-die-little-voyager-familie\/agb\/\" \/>\n<meta property=\"og:locale\" content=\"de_DE\" \/>\n<meta property=\"og:type\" content=\"article\" \/>\n<meta property=\"og:title\" content=\"Terms and Conditions - The Little Voyager\" \/>\n<meta property=\"og:description\" content=\"Terms and Conditions providing you all the information that you may need to know when booking one of our Child Friendly Holidays\" \/>\n<meta property=\"og:url\" content=\"https:\/\/www.thelittlevoyager.com\/de\/ueber-die-little-voyager-familie\/agb\/\" \/>\n<meta property=\"og:site_name\" content=\"The Little Voyager\" \/>\n<meta property=\"article:publisher\" content=\"https:\/\/www.facebook.com\/TheLittleVoyager1\" \/>\n<meta property=\"article:modified_time\" content=\"2024-06-21T10:26:50+00:00\" \/>\n<meta property=\"og:image\" content=\"https:\/\/www.thelittlevoyager.com\/wp-content\/uploads\/2017\/07\/maldives-kandima-1.jpg\" \/>\n\t<meta property=\"og:image:width\" content=\"1267\" \/>\n\t<meta property=\"og:image:height\" content=\"500\" \/>\n\t<meta property=\"og:image:type\" content=\"image\/jpeg\" \/>\n<meta name=\"twitter:card\" content=\"summary_large_image\" \/>\n<meta name=\"twitter:site\" content=\"@escapeswithkids\" \/>\n<meta name=\"twitter:label1\" content=\"Gesch\u00e4tzte Lesezeit\" \/>\n\t<meta name=\"twitter:data1\" content=\"4\u00a0Minuten\" \/>\n<script type=\"application\/ld+json\" class=\"yoast-schema-graph\">{\"@context\":\"https:\\\/\\\/schema.org\",\"@graph\":[{\"@type\":\"WebPage\",\"@id\":\"https:\\\/\\\/www.thelittlevoyager.com\\\/de\\\/ueber-die-little-voyager-familie\\\/agb\\\/\",\"url\":\"https:\\\/\\\/www.thelittlevoyager.com\\\/de\\\/ueber-die-little-voyager-familie\\\/agb\\\/\",\"name\":\"Terms and Conditions - The Little Voyager\",\"isPartOf\":{\"@id\":\"https:\\\/\\\/www.thelittlevoyager.com\\\/de\\\/#website\"},\"datePublished\":\"2017-03-31T18:33:07+00:00\",\"dateModified\":\"2024-06-21T10:26:50+00:00\",\"description\":\"Terms and Conditions providing you all the information that you may need to know when booking one of our Child Friendly Holidays\",\"breadcrumb\":{\"@id\":\"https:\\\/\\\/www.thelittlevoyager.com\\\/de\\\/ueber-die-little-voyager-familie\\\/agb\\\/#breadcrumb\"},\"inLanguage\":\"de\",\"potentialAction\":[{\"@type\":\"ReadAction\",\"target\":[\"https:\\\/\\\/www.thelittlevoyager.com\\\/de\\\/ueber-die-little-voyager-familie\\\/agb\\\/\"]}]},{\"@type\":\"BreadcrumbList\",\"@id\":\"https:\\\/\\\/www.thelittlevoyager.com\\\/de\\\/ueber-die-little-voyager-familie\\\/agb\\\/#breadcrumb\",\"itemListElement\":[{\"@type\":\"ListItem\",\"position\":1,\"name\":\"Home\",\"item\":\"https:\\\/\\\/www.thelittlevoyager.com\\\/de\\\/\"},{\"@type\":\"ListItem\",\"position\":2,\"name\":\"\u00dcber The Little Voyager\",\"item\":\"https:\\\/\\\/www.thelittlevoyager.com\\\/de\\\/ueber-die-little-voyager-familie\\\/\"},{\"@type\":\"ListItem\",\"position\":3,\"name\":\"AGB\"}]},{\"@type\":\"WebSite\",\"@id\":\"https:\\\/\\\/www.thelittlevoyager.com\\\/de\\\/#website\",\"url\":\"https:\\\/\\\/www.thelittlevoyager.com\\\/de\\\/\",\"name\":\"The Little Voyager\",\"description\":\"Child-friendly rentals\",\"publisher\":{\"@id\":\"https:\\\/\\\/www.thelittlevoyager.com\\\/de\\\/#organization\"},\"potentialAction\":[{\"@type\":\"SearchAction\",\"target\":{\"@type\":\"EntryPoint\",\"urlTemplate\":\"https:\\\/\\\/www.thelittlevoyager.com\\\/de\\\/?s={search_term_string}\"},\"query-input\":{\"@type\":\"PropertyValueSpecification\",\"valueRequired\":true,\"valueName\":\"search_term_string\"}}],\"inLanguage\":\"de\"},{\"@type\":\"Organization\",\"@id\":\"https:\\\/\\\/www.thelittlevoyager.com\\\/de\\\/#organization\",\"name\":\"The Little Voyager\",\"url\":\"https:\\\/\\\/www.thelittlevoyager.com\\\/de\\\/\",\"logo\":{\"@type\":\"ImageObject\",\"inLanguage\":\"de\",\"@id\":\"https:\\\/\\\/www.thelittlevoyager.com\\\/de\\\/#\\\/schema\\\/logo\\\/image\\\/\",\"url\":\"https:\\\/\\\/www.thelittlevoyager.com\\\/wp-content\\\/uploads\\\/2017\\\/07\\\/thelittlevoyager-logo-darkblue.png\",\"contentUrl\":\"https:\\\/\\\/www.thelittlevoyager.com\\\/wp-content\\\/uploads\\\/2017\\\/07\\\/thelittlevoyager-logo-darkblue.png\",\"width\":400,\"height\":121,\"caption\":\"The Little Voyager\"},\"image\":{\"@id\":\"https:\\\/\\\/www.thelittlevoyager.com\\\/de\\\/#\\\/schema\\\/logo\\\/image\\\/\"},\"sameAs\":[\"https:\\\/\\\/www.facebook.com\\\/TheLittleVoyager1\",\"https:\\\/\\\/x.com\\\/escapeswithkids\",\"https:\\\/\\\/instagram.com\\\/the.little.voyager\"]}]}<\/script>\n<!-- \/ Yoast SEO plugin. -->","yoast_head_json":{"title":"Terms and Conditions - The Little Voyager","description":"Terms and Conditions providing you all the information that you may need to know when booking one of our Child Friendly Holidays","robots":{"index":"index","follow":"follow","max-snippet":"max-snippet:-1","max-image-preview":"max-image-preview:large","max-video-preview":"max-video-preview:-1"},"canonical":"https:\/\/www.thelittlevoyager.com\/de\/ueber-die-little-voyager-familie\/agb\/","og_locale":"de_DE","og_type":"article","og_title":"Terms and Conditions - The Little Voyager","og_description":"Terms and Conditions providing you all the information that you may need to know when booking one of our Child Friendly Holidays","og_url":"https:\/\/www.thelittlevoyager.com\/de\/ueber-die-little-voyager-familie\/agb\/","og_site_name":"The Little Voyager","article_publisher":"https:\/\/www.facebook.com\/TheLittleVoyager1","article_modified_time":"2024-06-21T10:26:50+00:00","og_image":[{"width":1267,"height":500,"url":"https:\/\/www.thelittlevoyager.com\/wp-content\/uploads\/2017\/07\/maldives-kandima-1.jpg","type":"image\/jpeg"}],"twitter_card":"summary_large_image","twitter_site":"@escapeswithkids","twitter_misc":{"Gesch\u00e4tzte Lesezeit":"4\u00a0Minuten"},"schema":{"@context":"https:\/\/schema.org","@graph":[{"@type":"WebPage","@id":"https:\/\/www.thelittlevoyager.com\/de\/ueber-die-little-voyager-familie\/agb\/","url":"https:\/\/www.thelittlevoyager.com\/de\/ueber-die-little-voyager-familie\/agb\/","name":"Terms and Conditions - The Little Voyager","isPartOf":{"@id":"https:\/\/www.thelittlevoyager.com\/de\/#website"},"datePublished":"2017-03-31T18:33:07+00:00","dateModified":"2024-06-21T10:26:50+00:00","description":"Terms and Conditions providing you all the information that you may need to know when booking one of our Child Friendly Holidays","breadcrumb":{"@id":"https:\/\/www.thelittlevoyager.com\/de\/ueber-die-little-voyager-familie\/agb\/#breadcrumb"},"inLanguage":"de","potentialAction":[{"@type":"ReadAction","target":["https:\/\/www.thelittlevoyager.com\/de\/ueber-die-little-voyager-familie\/agb\/"]}]},{"@type":"BreadcrumbList","@id":"https:\/\/www.thelittlevoyager.com\/de\/ueber-die-little-voyager-familie\/agb\/#breadcrumb","itemListElement":[{"@type":"ListItem","position":1,"name":"Home","item":"https:\/\/www.thelittlevoyager.com\/de\/"},{"@type":"ListItem","position":2,"name":"\u00dcber The Little Voyager","item":"https:\/\/www.thelittlevoyager.com\/de\/ueber-die-little-voyager-familie\/"},{"@type":"ListItem","position":3,"name":"AGB"}]},{"@type":"WebSite","@id":"https:\/\/www.thelittlevoyager.com\/de\/#website","url":"https:\/\/www.thelittlevoyager.com\/de\/","name":"The Little Voyager","description":"Child-friendly rentals","publisher":{"@id":"https:\/\/www.thelittlevoyager.com\/de\/#organization"},"potentialAction":[{"@type":"SearchAction","target":{"@type":"EntryPoint","urlTemplate":"https:\/\/www.thelittlevoyager.com\/de\/?s={search_term_string}"},"query-input":{"@type":"PropertyValueSpecification","valueRequired":true,"valueName":"search_term_string"}}],"inLanguage":"de"},{"@type":"Organization","@id":"https:\/\/www.thelittlevoyager.com\/de\/#organization","name":"The Little Voyager","url":"https:\/\/www.thelittlevoyager.com\/de\/","logo":{"@type":"ImageObject","inLanguage":"de","@id":"https:\/\/www.thelittlevoyager.com\/de\/#\/schema\/logo\/image\/","url":"https:\/\/www.thelittlevoyager.com\/wp-content\/uploads\/2017\/07\/thelittlevoyager-logo-darkblue.png","contentUrl":"https:\/\/www.thelittlevoyager.com\/wp-content\/uploads\/2017\/07\/thelittlevoyager-logo-darkblue.png","width":400,"height":121,"caption":"The Little Voyager"},"image":{"@id":"https:\/\/www.thelittlevoyager.com\/de\/#\/schema\/logo\/image\/"},"sameAs":["https:\/\/www.facebook.com\/TheLittleVoyager1","https:\/\/x.com\/escapeswithkids","https:\/\/instagram.com\/the.little.voyager"]}]}},"_links":{"self":[{"href":"https:\/\/www.thelittlevoyager.com\/de\/wp-json\/wp\/v2\/pages\/4445","targetHints":{"allow":["GET"]}}],"collection":[{"href":"https:\/\/www.thelittlevoyager.com\/de\/wp-json\/wp\/v2\/pages"}],"about":[{"href":"https:\/\/www.thelittlevoyager.com\/de\/wp-json\/wp\/v2\/types\/page"}],"author":[{"embeddable":true,"href":"https:\/\/www.thelittlevoyager.com\/de\/wp-json\/wp\/v2\/users\/10"}],"replies":[{"embeddable":true,"href":"https:\/\/www.thelittlevoyager.com\/de\/wp-json\/wp\/v2\/comments?post=4445"}],"version-history":[{"count":11,"href":"https:\/\/www.thelittlevoyager.com\/de\/wp-json\/wp\/v2\/pages\/4445\/revisions"}],"predecessor-version":[{"id":19520,"href":"https:\/\/www.thelittlevoyager.com\/de\/wp-json\/wp\/v2\/pages\/4445\/revisions\/19520"}],"up":[{"embeddable":true,"href":"https:\/\/www.thelittlevoyager.com\/de\/wp-json\/wp\/v2\/pages\/2465"}],"wp:attachment":[{"href":"https:\/\/www.thelittlevoyager.com\/de\/wp-json\/wp\/v2\/media?parent=4445"}],"curies":[{"name":"wp","href":"https:\/\/api.w.org\/{rel}","templated":true}]}}