{"id":4532,"date":"2018-03-22T16:37:15","date_gmt":"2018-03-22T16:37:15","guid":{"rendered":"https:\/\/www.thelittlevoyager.com\/?page_id=4532"},"modified":"2024-09-26T13:09:44","modified_gmt":"2024-09-26T13:09:44","slug":"urlaubsideen","status":"publish","type":"page","link":"https:\/\/www.thelittlevoyager.com\/de\/urlaubsideen\/","title":{"rendered":"Urlaubsideen"},"content":{"rendered":"<div class=\"wpb-content-wrapper\"><p>[vc_row][vc_column][vc_column_text css=&#8220;&#8220;]<\/p>\r\n<p>Wir haben alle unsere Unterk\u00fcnfte in Urlaubsideen unterteilt, damit Ihr diese nach Euren Vorstellungen ausw\u00e4hlen k\u00f6nnt. Wir haben sehr unterschiedliche Unterkunftsarten, z.B. Hotels mit Kids Club oder Selbstversorgerh\u00e4user, 5-Sterne-Resorts oder kleinere Bed&amp;Breakfasts. Es kommt ganz darauf an, was Eure Familie sucht.<\/p>\r\n\r\n<p>\u00a0<\/p>\r\n\r\n<p>&nbsp;<\/p>\r\n<p>[\/vc_column_text][\/vc_column][\/vc_row]<\/p><\/div>","protected":false},"excerpt":{"rendered":"<p>[vc_row][vc_column][vc_column_text css=&#8220;&#8220;] Wir haben alle unsere Unterk\u00fcnfte in Urlaubsideen unterteilt, damit Ihr diese nach Euren Vorstellungen ausw\u00e4hlen k\u00f6nnt. Wir haben sehr unterschiedliche Unterkunftsarten, z.B. Hotels mit Kids Club oder Selbstversorgerh\u00e4user, 5-Sterne-Resorts oder kleinere Bed&amp;Breakfasts. Es kommt ganz darauf an, was Eure Familie sucht. \u00a0 &nbsp; [\/vc_column_text][\/vc_column][\/vc_row]<\/p>\n","protected":false},"author":1,"featured_media":0,"parent":0,"menu_order":3,"comment_status":"closed","ping_status":"closed","template":"page-holiday-ideas-list.php","meta":{"_lmt_disableupdate":"no","_lmt_disable":"","footnotes":""},"class_list":["post-4532","page","type-page","status-publish","hentry"],"yoast_head":"<!-- This site is optimized with the Yoast SEO plugin v27.4 - https:\/\/yoast.com\/product\/yoast-seo-wordpress\/ -->\n<title>Urlaubsideen - The Little Voyager<\/title>\n<meta name=\"description\" content=\"Wir haben alle unsere Unterk\u00fcnfte in Urlaubsideen unterteilt, damit Ihr diese nach Euren Vorstellungen ausw\u00e4hlen k\u00f6nnt.\" \/>\n<meta name=\"robots\" content=\"index, follow, max-snippet:-1, max-image-preview:large, max-video-preview:-1\" \/>\n<link rel=\"canonical\" href=\"https:\/\/www.thelittlevoyager.com\/de\/urlaubsideen\/\" \/>\n<meta property=\"og:locale\" content=\"de_DE\" \/>\n<meta property=\"og:type\" content=\"article\" \/>\n<meta property=\"og:title\" content=\"Great Family Holiday Ideas - The Little Voyager\" \/>\n<meta property=\"og:description\" content=\"Great Family Holiday Ideas from The Little Voyager, the Child Friendly Holiday Specialists, great ideas where to spend your holiday with your kids\" \/>\n<meta property=\"og:url\" content=\"https:\/\/www.thelittlevoyager.com\/de\/urlaubsideen\/\" \/>\n<meta property=\"og:site_name\" content=\"The Little Voyager\" \/>\n<meta property=\"article:publisher\" content=\"https:\/\/www.facebook.com\/TheLittleVoyager1\" \/>\n<meta property=\"article:modified_time\" content=\"2024-09-26T13:09:44+00:00\" \/>\n<meta property=\"og:image\" content=\"https:\/\/www.thelittlevoyager.com\/wp-content\/uploads\/2021\/07\/Beach2.jpeg\" \/>\n\t<meta property=\"og:image:width\" content=\"850\" \/>\n\t<meta property=\"og:image:height\" content=\"530\" \/>\n\t<meta property=\"og:image:type\" content=\"image\/jpeg\" \/>\n<meta name=\"twitter:card\" content=\"summary_large_image\" \/>\n<meta name=\"twitter:title\" content=\"Great Family Holiday Ideas - The Little Voyager\" \/>\n<meta name=\"twitter:description\" content=\"Great Family Holiday Ideas from The Little Voyager, the Child Friendly Holiday Specialists, great ideas where to spend your holiday with your kids\" \/>\n<meta name=\"twitter:image\" content=\"https:\/\/www.thelittlevoyager.com\/wp-content\/uploads\/2021\/07\/Beach2.jpeg\" \/>\n<meta name=\"twitter:site\" content=\"@escapeswithkids\" \/>\n<meta name=\"twitter:label1\" content=\"Gesch\u00e4tzte Lesezeit\" \/>\n\t<meta name=\"twitter:data1\" content=\"1\u00a0Minute\" \/>\n<script type=\"application\/ld+json\" class=\"yoast-schema-graph\">{\"@context\":\"https:\\\/\\\/schema.org\",\"@graph\":[{\"@type\":\"WebPage\",\"@id\":\"https:\\\/\\\/www.thelittlevoyager.com\\\/de\\\/urlaubsideen\\\/\",\"url\":\"https:\\\/\\\/www.thelittlevoyager.com\\\/de\\\/urlaubsideen\\\/\",\"name\":\"Urlaubsideen - The Little Voyager\",\"isPartOf\":{\"@id\":\"https:\\\/\\\/www.thelittlevoyager.com\\\/de\\\/#website\"},\"datePublished\":\"2018-03-22T16:37:15+00:00\",\"dateModified\":\"2024-09-26T13:09:44+00:00\",\"description\":\"Wir haben alle unsere Unterk\u00fcnfte in Urlaubsideen unterteilt, damit Ihr diese nach Euren Vorstellungen ausw\u00e4hlen k\u00f6nnt.\",\"breadcrumb\":{\"@id\":\"https:\\\/\\\/www.thelittlevoyager.com\\\/de\\\/urlaubsideen\\\/#breadcrumb\"},\"inLanguage\":\"de\",\"potentialAction\":[{\"@type\":\"ReadAction\",\"target\":[\"https:\\\/\\\/www.thelittlevoyager.com\\\/de\\\/urlaubsideen\\\/\"]}]},{\"@type\":\"BreadcrumbList\",\"@id\":\"https:\\\/\\\/www.thelittlevoyager.com\\\/de\\\/urlaubsideen\\\/#breadcrumb\",\"itemListElement\":[{\"@type\":\"ListItem\",\"position\":1,\"name\":\"Home\",\"item\":\"https:\\\/\\\/www.thelittlevoyager.com\\\/de\\\/\"},{\"@type\":\"ListItem\",\"position\":2,\"name\":\"Urlaubsideen\"}]},{\"@type\":\"WebSite\",\"@id\":\"https:\\\/\\\/www.thelittlevoyager.com\\\/de\\\/#website\",\"url\":\"https:\\\/\\\/www.thelittlevoyager.com\\\/de\\\/\",\"name\":\"The Little Voyager\",\"description\":\"Child-friendly rentals\",\"publisher\":{\"@id\":\"https:\\\/\\\/www.thelittlevoyager.com\\\/de\\\/#organization\"},\"potentialAction\":[{\"@type\":\"SearchAction\",\"target\":{\"@type\":\"EntryPoint\",\"urlTemplate\":\"https:\\\/\\\/www.thelittlevoyager.com\\\/de\\\/?s={search_term_string}\"},\"query-input\":{\"@type\":\"PropertyValueSpecification\",\"valueRequired\":true,\"valueName\":\"search_term_string\"}}],\"inLanguage\":\"de\"},{\"@type\":\"Organization\",\"@id\":\"https:\\\/\\\/www.thelittlevoyager.com\\\/de\\\/#organization\",\"name\":\"The Little Voyager\",\"url\":\"https:\\\/\\\/www.thelittlevoyager.com\\\/de\\\/\",\"logo\":{\"@type\":\"ImageObject\",\"inLanguage\":\"de\",\"@id\":\"https:\\\/\\\/www.thelittlevoyager.com\\\/de\\\/#\\\/schema\\\/logo\\\/image\\\/\",\"url\":\"https:\\\/\\\/www.thelittlevoyager.com\\\/wp-content\\\/uploads\\\/2017\\\/07\\\/thelittlevoyager-logo-darkblue.png\",\"contentUrl\":\"https:\\\/\\\/www.thelittlevoyager.com\\\/wp-content\\\/uploads\\\/2017\\\/07\\\/thelittlevoyager-logo-darkblue.png\",\"width\":400,\"height\":121,\"caption\":\"The Little Voyager\"},\"image\":{\"@id\":\"https:\\\/\\\/www.thelittlevoyager.com\\\/de\\\/#\\\/schema\\\/logo\\\/image\\\/\"},\"sameAs\":[\"https:\\\/\\\/www.facebook.com\\\/TheLittleVoyager1\",\"https:\\\/\\\/x.com\\\/escapeswithkids\",\"https:\\\/\\\/instagram.com\\\/the.little.voyager\"]}]}<\/script>\n<!-- \/ Yoast SEO plugin. -->","yoast_head_json":{"title":"Urlaubsideen - The Little Voyager","description":"Wir haben alle unsere Unterk\u00fcnfte in Urlaubsideen unterteilt, damit Ihr diese nach Euren Vorstellungen ausw\u00e4hlen k\u00f6nnt.","robots":{"index":"index","follow":"follow","max-snippet":"max-snippet:-1","max-image-preview":"max-image-preview:large","max-video-preview":"max-video-preview:-1"},"canonical":"https:\/\/www.thelittlevoyager.com\/de\/urlaubsideen\/","og_locale":"de_DE","og_type":"article","og_title":"Great Family Holiday Ideas - The Little Voyager","og_description":"Great Family Holiday Ideas from The Little Voyager, the Child Friendly Holiday Specialists, great ideas where to spend your holiday with your kids","og_url":"https:\/\/www.thelittlevoyager.com\/de\/urlaubsideen\/","og_site_name":"The Little Voyager","article_publisher":"https:\/\/www.facebook.com\/TheLittleVoyager1","article_modified_time":"2024-09-26T13:09:44+00:00","og_image":[{"width":850,"height":530,"url":"https:\/\/www.thelittlevoyager.com\/wp-content\/uploads\/2021\/07\/Beach2.jpeg","type":"image\/jpeg"}],"twitter_card":"summary_large_image","twitter_title":"Great Family Holiday Ideas - The Little Voyager","twitter_description":"Great Family Holiday Ideas from The Little Voyager, the Child Friendly Holiday Specialists, great ideas where to spend your holiday with your kids","twitter_image":"https:\/\/www.thelittlevoyager.com\/wp-content\/uploads\/2021\/07\/Beach2.jpeg","twitter_site":"@escapeswithkids","twitter_misc":{"Gesch\u00e4tzte Lesezeit":"1\u00a0Minute"},"schema":{"@context":"https:\/\/schema.org","@graph":[{"@type":"WebPage","@id":"https:\/\/www.thelittlevoyager.com\/de\/urlaubsideen\/","url":"https:\/\/www.thelittlevoyager.com\/de\/urlaubsideen\/","name":"Urlaubsideen - The Little Voyager","isPartOf":{"@id":"https:\/\/www.thelittlevoyager.com\/de\/#website"},"datePublished":"2018-03-22T16:37:15+00:00","dateModified":"2024-09-26T13:09:44+00:00","description":"Wir haben alle unsere Unterk\u00fcnfte in Urlaubsideen unterteilt, damit Ihr diese nach Euren Vorstellungen ausw\u00e4hlen k\u00f6nnt.","breadcrumb":{"@id":"https:\/\/www.thelittlevoyager.com\/de\/urlaubsideen\/#breadcrumb"},"inLanguage":"de","potentialAction":[{"@type":"ReadAction","target":["https:\/\/www.thelittlevoyager.com\/de\/urlaubsideen\/"]}]},{"@type":"BreadcrumbList","@id":"https:\/\/www.thelittlevoyager.com\/de\/urlaubsideen\/#breadcrumb","itemListElement":[{"@type":"ListItem","position":1,"name":"Home","item":"https:\/\/www.thelittlevoyager.com\/de\/"},{"@type":"ListItem","position":2,"name":"Urlaubsideen"}]},{"@type":"WebSite","@id":"https:\/\/www.thelittlevoyager.com\/de\/#website","url":"https:\/\/www.thelittlevoyager.com\/de\/","name":"The Little Voyager","description":"Child-friendly rentals","publisher":{"@id":"https:\/\/www.thelittlevoyager.com\/de\/#organization"},"potentialAction":[{"@type":"SearchAction","target":{"@type":"EntryPoint","urlTemplate":"https:\/\/www.thelittlevoyager.com\/de\/?s={search_term_string}"},"query-input":{"@type":"PropertyValueSpecification","valueRequired":true,"valueName":"search_term_string"}}],"inLanguage":"de"},{"@type":"Organization","@id":"https:\/\/www.thelittlevoyager.com\/de\/#organization","name":"The Little Voyager","url":"https:\/\/www.thelittlevoyager.com\/de\/","logo":{"@type":"ImageObject","inLanguage":"de","@id":"https:\/\/www.thelittlevoyager.com\/de\/#\/schema\/logo\/image\/","url":"https:\/\/www.thelittlevoyager.com\/wp-content\/uploads\/2017\/07\/thelittlevoyager-logo-darkblue.png","contentUrl":"https:\/\/www.thelittlevoyager.com\/wp-content\/uploads\/2017\/07\/thelittlevoyager-logo-darkblue.png","width":400,"height":121,"caption":"The Little Voyager"},"image":{"@id":"https:\/\/www.thelittlevoyager.com\/de\/#\/schema\/logo\/image\/"},"sameAs":["https:\/\/www.facebook.com\/TheLittleVoyager1","https:\/\/x.com\/escapeswithkids","https:\/\/instagram.com\/the.little.voyager"]}]}},"_links":{"self":[{"href":"https:\/\/www.thelittlevoyager.com\/de\/wp-json\/wp\/v2\/pages\/4532","targetHints":{"allow":["GET"]}}],"collection":[{"href":"https:\/\/www.thelittlevoyager.com\/de\/wp-json\/wp\/v2\/pages"}],"about":[{"href":"https:\/\/www.thelittlevoyager.com\/de\/wp-json\/wp\/v2\/types\/page"}],"author":[{"embeddable":true,"href":"https:\/\/www.thelittlevoyager.com\/de\/wp-json\/wp\/v2\/users\/1"}],"replies":[{"embeddable":true,"href":"https:\/\/www.thelittlevoyager.com\/de\/wp-json\/wp\/v2\/comments?post=4532"}],"version-history":[{"count":8,"href":"https:\/\/www.thelittlevoyager.com\/de\/wp-json\/wp\/v2\/pages\/4532\/revisions"}],"predecessor-version":[{"id":20489,"href":"https:\/\/www.thelittlevoyager.com\/de\/wp-json\/wp\/v2\/pages\/4532\/revisions\/20489"}],"wp:attachment":[{"href":"https:\/\/www.thelittlevoyager.com\/de\/wp-json\/wp\/v2\/media?parent=4532"}],"curies":[{"name":"wp","href":"https:\/\/api.w.org\/{rel}","templated":true}]}}